{"id":148465,"date":"2025-03-01T14:49:10","date_gmt":"2025-03-01T14:49:10","guid":{"rendered":"https:\/\/flexscreen.ch\/?post_type=product&#038;p=148465"},"modified":"2026-04-25T19:48:30","modified_gmt":"2026-04-25T19:48:30","slug":"flexscreen-small-kopie-3","status":"publish","type":"product","link":"https:\/\/flexscreen.ch\/fr\/produkt\/flexscreen-small-kopie-3\/","title":{"rendered":"FlexScreen Small 74\/74"},"content":{"rendered":"<div class=\"wpb-content-wrapper\"><p>[vc_row][vc_column width=&#8221;1\/1&#8243;][uncode_block id=&#8221;145141&#8243;][\/vc_column][\/vc_row]<\/p>\n<\/div>","protected":false},"excerpt":{"rendered":"<p>304 \u00e0 739 mm de largeur ou de hauteur maximum. Avec 6 tissus diff\u00e9rents au choix.<\/p>\n","protected":false},"featured_media":147183,"template":"","meta":[],"product_brand":[],"product_cat":[179],"product_tag":[],"class_list":{"0":"post-148465","1":"product","2":"type-product","3":"status-publish","4":"has-post-thumbnail","6":"product_cat-flexscreen-fr","7":"wcpa_has_options","9":"first","10":"instock","11":"taxable","12":"shipping-taxable","13":"purchasable","14":"product-type-variable"},"wcpa_form_fields":{"wcpaData":{"product":{"product_price":107.0012899999999973488229443319141864776611328125,"price_html":"<ins class=\"h3\"><span class=\"woocommerce-Price-amount amount\" aria-hidden=\"true\"><bdi><span class=\"woocommerce-Price-currencySymbol\">&#67;&#72;&#70;<\/span>&nbsp;107.00<\/bdi><\/span> <span aria-hidden=\"true\">\u00a0\u2013\u00a0<\/span> <span class=\"woocommerce-Price-amount amount\" aria-hidden=\"true\"><bdi><span class=\"woocommerce-Price-currencySymbol\">&#67;&#72;&#70;<\/span>&nbsp;129.00<\/bdi><\/span><span class=\"screen-reader-text\">Plage de prix\u00a0: &#67;&#72;&#70;&nbsp;107.00 \u00e0 &#67;&#72;&#70;&nbsp;129.00<\/span> <small class=\"woocommerce-price-suffix\">inkl. 8.1% MwSt.<\/small><\/ins>","original_product_price":107.0012899999999973488229443319141864776611328125,"price_including_tax":107,"price_excluding_tax":98.9824239999999946348907542414963245391845703125,"product_id":{"parent":148465,"variation":false},"is_variable":true,"stock_status":"instock","stock_quantity":null,"parent_sku":"","product_attributes":{"pa_gewebe":{"is_variation":true,"values":[]}},"custom_fields":[],"is_taxable":true,"product_name":"FlexScreen Small 74\/74","hasImage":false},"fields":{"sec_168106133b54f1":{"extra":{"key":"sec_168106133b54f1","section_id":"sec_168106133b54f1","name":"Default","status":1,"cl_rule":"show","enableCl":true,"relations":[{"operator":false,"rules":[{"operator":"AND","rules":{"cl_field":"attribute","cl_relation":"is_not_empty","cl_val":"","cl_field_sub":"pa_gewebe"}}]}],"toggle":true,"title_tag":"h3","show_title":false,"showPrice":"default","form_id":149446,"form_rules":{"exclude_from_discount":false,"fee_label":"Fee","disp_hide_options_price":false,"disp_show_section_price":false,"disp_show_field_price":true,"layout_option":"standard","pric_use_as_fee":false,"process_fee_as":"woo_fee"},"layout_option":"standard"},"fields":[[{"active":true,"col":6,"relations":[],"cl_rule":"show","enableCl":false,"price":"","enablePrice":false,"className":"","label_position":"default","desc_position":"default","type":"content","required":false,"elementId":"content_768106133b5509","label":"<b>Tragen Sie die gew\u00fcnschten Masse ein:<\/b>","name":"content_768106133b5509","contentType":"plain","value":"","error":false,"inline":false,"gt_translate_keys":["label","value"],"price_dependency":false,"cl_dependency":false}],[{"contentType":"plain","active":true,"label":"Screens mit gleicher Gr\u00f6sse k\u00f6nnen mehrfach bestellt werden.<br>Unterschiedliche Gr\u00f6ssen m\u00fcssen einzeln bestellt werden.<br>Die Anleitung zum Messen finden Sie <u><a href=\"\/messen\" target=\"_blank\">hier.<\/a><\/u>","elementId":"content_168106133b550f","value":"","inline":false,"name":"content_168106133b550f","enablePrice":false,"className":"","enableCl":false,"relations":[],"price":"","cl_rule":"show","col":6,"type":"content","gt_translate_keys":["label","value"],"price_dependency":false,"cl_dependency":false}],[{"label":"Fensterbreite in mm","active":true,"required":true,"elementId":"number_468106133b5514","value":"","name":"number_468106133b5514","label_position":"default","desc_position":"default","enablePrice":false,"className":"","enableCl":false,"relations":[],"min":"300","max":"739","minValueError":"Das Mindestmass betr\u00e4gt 250 mm","maxValueError":"Das Maximalmass betr\u00e4gt 739 mm","price":"","cl_rule":"show","col":6,"type":"number","error":false,"requiredError":"Das ist ein Pflichtfeld.","mapToCheckout":false,"step":"1","pattern":"^\\d+$","patternError":"Bitte nur ganze Zahlen eingeben","validNumberError":"","gt_translate_keys":["label","value","requiredError","patternError","minValueError","maxValueError"],"price_dependency":false,"cl_dependency":["text_468106133b551c"]}],[{"active":true,"col":6,"relations":[],"cl_rule":"show","enableCl":false,"price":"","enablePrice":false,"className":"","label_position":"default","desc_position":"default","type":"number","required":true,"elementId":"number_868106133b5518","label":"Fensterh\u00f6he in mm","name":"number_868106133b5518","value":"","error":false,"min":"300","max":"739","minValueError":"Das Mindestmass betr\u00e4gt 250 mm","maxValueError":"Das Maximalmass betr\u00e4gt 739 mm","requiredError":"Das ist ein Pflichtfeld.","patternError":"Bitte nur ganze Zahlen eingeben","pattern":"^\\d+$","gt_translate_keys":["label","value","requiredError","patternError","minValueError","maxValueError"],"price_dependency":false,"cl_dependency":["text_468106133b551c"]}],[{"active":true,"col":6,"relations":[{"operator":false,"rules":[{"operator":"and","rules":{"cl_field":"number_468106133b5514","cl_relation":"is_not_empty","cl_val":""}},{"operator":"AND","rules":{"cl_field":"number_868106133b5518","cl_relation":"is_not_empty","cl_val":""}}]}],"cl_rule":"show","enableCl":true,"price":"","enablePrice":false,"className":"","label_position":"default","desc_position":"default","type":"text","subtype":"text","required":false,"elementId":"text_468106133b551c","label":"M\u00f6chten Sie auf dem FlexScreen-Rahmen eine Bezeichnung gravieren (z.B. Fenster K\u00fcche, max. 45 Zeichen)?","name":"text_468106133b551c","value":"","error":false,"allowed_chars":"","maxlength":"45","maxlengthError":"Max. 45 Zeichen","gt_translate_keys":["label","value","maxlengthError"],"price_dependency":false,"cl_dependency":false}]]}},"config":{"price_override":"","enable_recaptcha":false,"bind_quantity":false,"quantity_bind_formula":false,"disp_summ_show_option_price":true,"disp_summ_show_product_price":true,"disp_summ_show_total_price":true,"disp_summ_show_fee":false,"disp_summ_show_discount":false,"summary_title":"","options_total_label":"Options Price","total_label":"Total","options_product_label":"Product Price","fee_label":"Fee","discount_label":"Discount","has_price":true,"has_quantity_formula":false},"mc_unit":1,"tax_rate":1,"tax_rate_real":0.08100000000000000255351295663786004297435283660888671875,"discount":{"percentage":0,"fixed":0},"design":{"conf":{"LabelPosition":"above","DescPosition":"above","UploadField":"custom_1","QuantityFieldStyle":"default"},"css":{"LeftLabelWidth":"120px"}},"formulas":[],"lookuptables":[],"clones":false,"cartKey":false}},"_links":{"self":[{"href":"https:\/\/flexscreen.ch\/fr\/wp-json\/wp\/v2\/product\/148465","targetHints":{"allow":["GET"]}}],"collection":[{"href":"https:\/\/flexscreen.ch\/fr\/wp-json\/wp\/v2\/product"}],"about":[{"href":"https:\/\/flexscreen.ch\/fr\/wp-json\/wp\/v2\/types\/product"}],"wp:featuredmedia":[{"embeddable":true,"href":"https:\/\/flexscreen.ch\/fr\/wp-json\/wp\/v2\/media\/147183"}],"wp:attachment":[{"href":"https:\/\/flexscreen.ch\/fr\/wp-json\/wp\/v2\/media?parent=148465"}],"wp:term":[{"taxonomy":"product_brand","embeddable":true,"href":"https:\/\/flexscreen.ch\/fr\/wp-json\/wp\/v2\/product_brand?post=148465"},{"taxonomy":"product_cat","embeddable":true,"href":"https:\/\/flexscreen.ch\/fr\/wp-json\/wp\/v2\/product_cat?post=148465"},{"taxonomy":"product_tag","embeddable":true,"href":"https:\/\/flexscreen.ch\/fr\/wp-json\/wp\/v2\/product_tag?post=148465"}],"curies":[{"name":"wp","href":"https:\/\/api.w.org\/{rel}","templated":true}]}}