{"id":148330,"date":"2025-03-03T13:56:52","date_gmt":"2025-03-03T13:56:52","guid":{"rendered":"https:\/\/flexscreen.ch\/?post_type=product&#038;p=148330"},"modified":"2026-03-16T21:38:28","modified_gmt":"2026-03-16T21:38:28","slug":"flexscreen-large-kopie","status":"publish","type":"product","link":"https:\/\/flexscreen.ch\/fr\/produkt\/flexscreen-large-kopie\/","title":{"rendered":"FlexScreen Large 140\/200"},"content":{"rendered":"<div class=\"wpb-content-wrapper\"><p>[vc_row][vc_column width=&#8221;1\/1&#8243;][uncode_block id=&#8221;146630&#8243;][\/vc_column][\/vc_row]<\/p>\n<\/div>","protected":false},"excerpt":{"rendered":"<p>Jusqu&#8217;\u00e0 un maximum de 1397 mm de largeur et 2030 mm de hauteur. Avec 6 tissus diff\u00e9rents au choix.<\/p>\n","protected":false},"featured_media":147189,"template":"","meta":[],"product_brand":[],"product_cat":[179],"product_tag":[],"class_list":{"0":"post-148330","1":"product","2":"type-product","3":"status-publish","4":"has-post-thumbnail","6":"product_cat-flexscreen-fr","7":"wcpa_has_options","9":"first","10":"instock","11":"taxable","12":"shipping-taxable","13":"purchasable","14":"product-type-variable"},"wcpa_form_fields":{"wcpaData":{"product":{"product_price":161.001949999999993679011822678148746490478515625,"price_html":"<ins class=\"h3\"><span class=\"woocommerce-Price-amount amount\" aria-hidden=\"true\"><bdi><span class=\"woocommerce-Price-currencySymbol\">&#67;&#72;&#70;<\/span>&nbsp;161.00<\/bdi><\/span> <span aria-hidden=\"true\">\u00a0\u2013\u00a0<\/span> <span class=\"woocommerce-Price-amount amount\" aria-hidden=\"true\"><bdi><span class=\"woocommerce-Price-currencySymbol\">&#67;&#72;&#70;<\/span>&nbsp;195.00<\/bdi><\/span><span class=\"screen-reader-text\">Plage de prix\u00a0: &#67;&#72;&#70;&nbsp;161.00 \u00e0 &#67;&#72;&#70;&nbsp;195.00<\/span> <small class=\"woocommerce-price-suffix\">inkl. 8.1% MwSt.<\/small><\/ins>","original_product_price":161.001949999999993679011822678148746490478515625,"price_including_tax":170,"price_excluding_tax":157.2617950000000064392224885523319244384765625,"product_id":{"parent":148330,"variation":false},"is_variable":true,"stock_status":"instock","stock_quantity":null,"parent_sku":"","product_attributes":{"pa_gewebe":{"is_variation":true,"values":[]}},"custom_fields":[],"is_taxable":true,"product_name":"FlexScreen Large 140\/200","hasImage":false},"fields":{"sec_468105df1eb38e":{"extra":{"key":"sec_468105df1eb38e","section_id":"sec_468105df1eb38e","name":"Default","status":1,"cl_rule":"show","enableCl":true,"relations":[{"operator":false,"rules":[{"operator":"AND","rules":{"cl_field":"attribute","cl_relation":"is_not_empty","cl_val":"","cl_field_sub":"pa_gewebe"}}]}],"toggle":true,"title_tag":"h3","show_title":false,"showPrice":"default","form_id":149438,"form_rules":{"exclude_from_discount":false,"fee_label":"Fee","disp_hide_options_price":false,"disp_show_section_price":false,"disp_show_field_price":true,"layout_option":"standard","pric_use_as_fee":false,"process_fee_as":"woo_fee"},"layout_option":"standard"},"fields":[[{"active":true,"col":6,"relations":[],"cl_rule":"show","enableCl":false,"price":"","enablePrice":false,"className":"","label_position":"default","desc_position":"default","type":"content","required":false,"elementId":"content_268105df1eb3af","label":"<b>Tragen Sie die gew\u00fcnschten Masse ein:<\/b>","name":"content_268105df1eb3af","contentType":"plain","value":"","error":false,"inline":false,"gt_translate_keys":["label","value"],"price_dependency":false,"cl_dependency":false}],[{"contentType":"plain","active":true,"label":"Screens mit gleicher Gr\u00f6sse k\u00f6nnen mehrfach bestellt werden.<br>Unterschiedliche Gr\u00f6ssen m\u00fcssen einzeln bestellt werden.<br>Die Anleitung zum Messen finden Sie <u><a href=\"\/messen\" target=\"_blank\">hier.<\/a><\/u>","elementId":"content_768105df1eb3b6","value":"","inline":false,"name":"content_768105df1eb3b6","enablePrice":false,"className":"","enableCl":false,"relations":[],"price":"","cl_rule":"show","col":6,"type":"content","error":false,"gt_translate_keys":["label","value"],"price_dependency":false,"cl_dependency":false}],[{"label":"Fensterbreite in mm","active":true,"required":true,"elementId":"number_968105df1eb3bb","value":"","name":"number_968105df1eb3bb","label_position":"default","desc_position":"default","enablePrice":false,"className":"","enableCl":false,"relations":[],"min":"300","max":"1397","minValueError":"Das Mindestmass betr\u00e4gt 250 mm","maxValueError":"Das Maximalmass der Breite betr\u00e4gt 1397 mm","price":"","cl_rule":"show","col":6,"type":"number","error":false,"requiredError":"Das ist ein Pflichtfeld.","patternError":"Bitte nur ganze Zahlen eingeben","pattern":"^\\d+$","gt_translate_keys":["label","value","requiredError","patternError","minValueError","maxValueError"],"price_dependency":false,"cl_dependency":["text_968105df1eb3c3"]}],[{"active":true,"col":6,"relations":[],"cl_rule":"show","enableCl":false,"price":"","enablePrice":false,"className":"","label_position":"default","desc_position":"default","type":"number","required":true,"elementId":"number_768105df1eb3bf","label":"Fensterh\u00f6he in mm","name":"number_768105df1eb3bf","value":"","error":false,"min":"300","max":"2200","minValueError":"Das Mindestmass betr\u00e4gt 250 mm","maxValueError":"Das Maximalmass betr\u00e4gt 2030 mm","requiredError":"Das ist ein Pflichtfeld.","patternError":"Bitte nur ganze Zahlen eingeben","pattern":"^\\d+$","isWeightTemplate":false,"isTemplate":false,"slider_max":"100","slider_min":"0","min_quantity":"1","quantity_decimal":false,"quantity_step":"1","quantity_label":"Quantity","repeater_field_label":"{field_label}","repeater_bind":"","gt_translate_keys":["label","value","repeater_field_label","quantity_label","requiredError","patternError","minValueError","maxValueError"],"price_dependency":false,"cl_dependency":["text_968105df1eb3c3"]}],[{"active":true,"col":6,"relations":[{"operator":false,"rules":[{"operator":"and","rules":{"cl_field":"number_968105df1eb3bb","cl_relation":"is_not_empty","cl_val":""}},{"operator":"AND","rules":{"cl_field":"number_768105df1eb3bf","cl_relation":"is_not_empty","cl_val":""}}]}],"cl_rule":"show","enableCl":true,"price":"","enablePrice":false,"className":"","label_position":"default","desc_position":"default","type":"text","subtype":"text","required":false,"elementId":"text_968105df1eb3c3","label":"M\u00f6chten Sie auf dem FlexScreen-Rahmen eine Bezeichnung gravieren (z.B. Fenster K\u00fcche, max. 45 Zeichen)?","name":"text_968105df1eb3c3","value":"","error":false,"maxlength":"45","maxlengthError":"Max. 45 Zeichen","gt_translate_keys":["label","value","maxlengthError"],"price_dependency":false,"cl_dependency":false}]]}},"config":{"price_override":"","enable_recaptcha":false,"bind_quantity":false,"quantity_bind_formula":false,"disp_summ_show_option_price":true,"disp_summ_show_product_price":true,"disp_summ_show_total_price":true,"disp_summ_show_fee":false,"disp_summ_show_discount":false,"summary_title":"","options_total_label":"Options Price","total_label":"Total","options_product_label":"Product Price","fee_label":"Fee","discount_label":"Discount","has_price":true,"has_quantity_formula":false},"mc_unit":1,"tax_rate":1,"tax_rate_real":0.08100000000000000255351295663786004297435283660888671875,"discount":{"percentage":0,"fixed":0},"design":{"conf":{"LabelPosition":"above","DescPosition":"above","UploadField":"custom_1","QuantityFieldStyle":"default"},"css":{"LeftLabelWidth":"120px"}},"formulas":[],"lookuptables":[],"clones":false,"cartKey":false}},"_links":{"self":[{"href":"https:\/\/flexscreen.ch\/fr\/wp-json\/wp\/v2\/product\/148330","targetHints":{"allow":["GET"]}}],"collection":[{"href":"https:\/\/flexscreen.ch\/fr\/wp-json\/wp\/v2\/product"}],"about":[{"href":"https:\/\/flexscreen.ch\/fr\/wp-json\/wp\/v2\/types\/product"}],"wp:featuredmedia":[{"embeddable":true,"href":"https:\/\/flexscreen.ch\/fr\/wp-json\/wp\/v2\/media\/147189"}],"wp:attachment":[{"href":"https:\/\/flexscreen.ch\/fr\/wp-json\/wp\/v2\/media?parent=148330"}],"wp:term":[{"taxonomy":"product_brand","embeddable":true,"href":"https:\/\/flexscreen.ch\/fr\/wp-json\/wp\/v2\/product_brand?post=148330"},{"taxonomy":"product_cat","embeddable":true,"href":"https:\/\/flexscreen.ch\/fr\/wp-json\/wp\/v2\/product_cat?post=148330"},{"taxonomy":"product_tag","embeddable":true,"href":"https:\/\/flexscreen.ch\/fr\/wp-json\/wp\/v2\/product_tag?post=148330"}],"curies":[{"name":"wp","href":"https:\/\/api.w.org\/{rel}","templated":true}]}}