{"id":150194,"date":"2025-11-06T15:18:00","date_gmt":"2025-11-06T15:18:00","guid":{"rendered":"https:\/\/flexscreen.ch\/demandes-privees\/"},"modified":"2025-12-04T13:28:57","modified_gmt":"2025-12-04T13:28:57","slug":"demandes-privees","status":"publish","type":"page","link":"https:\/\/flexscreen.ch\/fr\/demandes-privees\/","title":{"rendered":"Demandes priv\u00e9es"},"content":{"rendered":"<div class=\"wpb-content-wrapper\"><p>[vc_row row_height_percent=&#8221;75&#8243; back_color=&#8221;color-wayh&#8221; back_image=&#8221;145187&#8243; back_position=&#8221;center bottom&#8221; parallax=&#8221;yes&#8221; overlay_color=&#8221;color-wayh&#8221; overlay_alpha=&#8221;35&#8243; gutter_size=&#8221;3&#8243; column_width_percent=&#8221;100&#8243; shift_y=&#8221;0&#8243; z_index=&#8221;0&#8243; content_parallax=&#8221;0&#8243; uncode_shortcode_id=&#8221;283266&#8243; back_color_type=&#8221;uncode-palette&#8221; overlay_color_type=&#8221;uncode-palette&#8221;][vc_column column_width_use_pixel=&#8221;yes&#8221; position_vertical=&#8221;middle&#8221; align_horizontal=&#8221;align_center&#8221; gutter_size=&#8221;2&#8243; style=&#8221;dark&#8221; overlay_alpha=&#8221;50&#8243; shift_x=&#8221;0&#8243; shift_y=&#8221;0&#8243; shift_y_down=&#8221;0&#8243; z_index=&#8221;0&#8243; medium_width=&#8221;0&#8243; mobile_width=&#8221;0&#8243; width=&#8221;1\/1&#8243; column_width_pixel=&#8221;900&#8243;][vc_custom_heading heading_semantic=&#8221;h5&#8243; text_size=&#8221;h3&#8243; text_transform=&#8221;uppercase&#8221; uncode_shortcode_id=&#8221;541374&#8243;]Demandes pour les particuliers[\/vc_custom_heading][vc_custom_heading heading_semantic=&#8221;h1&#8243; text_size=&#8221;h1&#8243; uncode_shortcode_id=&#8221;112092&#8243;]Veillez \u00e0 ce que votre maison soit exempte de moustiques.[\/vc_custom_heading][vc_empty_space][\/vc_column][\/vc_row][vc_row row_height_percent=&#8221;0&#8243; override_padding=&#8221;yes&#8221; h_padding=&#8221;2&#8243; top_padding=&#8221;3&#8243; bottom_padding=&#8221;2&#8243; overlay_alpha=&#8221;50&#8243; gutter_size=&#8221;3&#8243; column_width_percent=&#8221;100&#8243; shift_y=&#8221;0&#8243; z_index=&#8221;0&#8243; content_parallax=&#8221;0&#8243; uncode_shortcode_id=&#8221;341015&#8243;][vc_column width=&#8221;1\/6&#8243;][\/vc_column][vc_column column_width_percent=&#8221;100&#8243; align_horizontal=&#8221;align_center&#8221; gutter_size=&#8221;3&#8243; overlay_alpha=&#8221;50&#8243; shift_x=&#8221;0&#8243; shift_y=&#8221;0&#8243; shift_y_down=&#8221;0&#8243; z_index=&#8221;0&#8243; medium_width=&#8221;0&#8243; mobile_width=&#8221;0&#8243; parallax_intensity=&#8221;2&#8243; width=&#8221;2\/3&#8243; uncode_shortcode_id=&#8221;187372&#8243;][vc_custom_heading uncode_shortcode_id=&#8221;319132&#8243;]Prendre des mesures. Remplir le formulaire. Pr\u00eat.<br \/>\nNous nous occupons du reste.[\/vc_custom_heading][vc_column_text uncode_shortcode_id=&#8221;152279&#8243;]Envoyez-nous les dimensions de vos fen\u00eatres et le tissu souhait\u00e9. Nous et nos partenaires locaux vous enverrons imm\u00e9diatement un devis gratuit et sans engagement. Si cela vous pla\u00eet, vos FlexScreen vous parviendront en quelques semaines.[\/vc_column_text][vc_empty_space][vc_row_inner][vc_column_inner width=&#8221;1\/2&#8243;][vc_icon icon=&#8221;fa fa-pricetags&#8221; size=&#8221;fa-3x&#8221; heading_semantic=&#8221;h5&#8243; text_size=&#8221;h5&#8243; uncode_shortcode_id=&#8221;277250&#8243; title=&#8221;Tarifs&#8221;]<\/p>\n<ul>\n<li>Prix par FlexScreen : CHF 97.00 \u00e0 CHF 177.00<\/li>\n<li>Selon la taille et le choix du tissu<\/li>\n<li>Prix incluant la TVA de 8,1%. <\/li>\n<\/ul>\n<p>[\/vc_icon][\/vc_column_inner][vc_column_inner width=&#8221;1\/2&#8243;][vc_icon icon=&#8221;fa fa-basket&#8221; size=&#8221;fa-3x&#8221; heading_semantic=&#8221;h5&#8243; text_size=&#8221;h5&#8243; uncode_shortcode_id=&#8221;782525&#8243; title=&#8221;Livraison&#8221;]<\/p>\n<ul>\n<li>D\u00e9lai de livraison normal : environ 14 jours<\/li>\n<li>D\u00e9lai de livraison hiver : env. 30 jours<\/li>\n<li>Exp\u00e9dition par transporteur, par la poste ou enl\u00e8vement gratuit<\/li>\n<\/ul>\n<p>[\/vc_icon][\/vc_column_inner][\/vc_row_inner][\/vc_column][vc_column width=&#8221;1\/6&#8243;][\/vc_column][\/vc_row][vc_row][vc_column width=&#8221;1\/4&#8243;][\/vc_column][vc_column width=&#8221;1\/2&#8243;]\n<div class=\"wpcf7 no-js\" id=\"wpcf7-f150187-o1\" lang=\"fr-FR\" dir=\"ltr\" data-wpcf7-id=\"150187\">\n<div class=\"screen-reader-response\"><p role=\"status\" aria-live=\"polite\" aria-atomic=\"true\"><\/p> <ul><\/ul><\/div>\n<form action=\"\/fr\/wp-json\/wp\/v2\/pages\/150194#wpcf7-f150187-o1\" method=\"post\" class=\"wpcf7-form init\" aria-label=\"Formulaire de contact\" novalidate=\"novalidate\" data-status=\"init\">\n<fieldset class=\"hidden-fields-container\"><input type=\"hidden\" name=\"_wpcf7\" value=\"150187\" \/><input type=\"hidden\" name=\"_wpcf7_version\" value=\"6.1.5\" \/><input type=\"hidden\" name=\"_wpcf7_locale\" value=\"fr_FR\" \/><input type=\"hidden\" name=\"_wpcf7_unit_tag\" value=\"wpcf7-f150187-o1\" \/><input type=\"hidden\" name=\"_wpcf7_container_post\" value=\"0\" \/><input type=\"hidden\" name=\"_wpcf7_posted_data_hash\" value=\"\" \/>\n<\/fieldset>\n<h3>Coordonn\u00e9es\n<\/h3>\n<p><span class=\"wpcf7-form-control-wrap\" data-name=\"radio-703\"><span class=\"wpcf7-form-control wpcf7-radio\"><span class=\"wpcf7-list-item first\"><input type=\"radio\" name=\"radio-703\" value=\"Mme\" \/><span class=\"wpcf7-list-item-label\">Mme<\/span><\/span><span class=\"wpcf7-list-item last\"><input type=\"radio\" name=\"radio-703\" value=\"M\" \/><span class=\"wpcf7-list-item-label\">M<\/span><\/span><\/span><\/span>\n<\/p>\n<p><label> Nom*<br \/>\n<span class=\"wpcf7-form-control-wrap\" data-name=\"your-name\"><input size=\"40\" maxlength=\"400\" class=\"wpcf7-form-control wpcf7-text wpcf7-validates-as-required\" autocomplete=\"name\" aria-required=\"true\" aria-invalid=\"false\" value=\"\" type=\"text\" name=\"your-name\" \/><\/span> <\/label>\n<\/p>\n<p><label> CODE POSTAL<br \/>\n<span class=\"wpcf7-form-control-wrap\" data-name=\"your-postcode\"><input size=\"40\" maxlength=\"400\" class=\"wpcf7-form-control wpcf7-text wpcf7-validates-as-required\" aria-required=\"true\" aria-invalid=\"false\" value=\"\" type=\"text\" name=\"your-postcode\" \/><\/span> <\/label>\n<\/p>\n<p><label>Adresse \u00e9lectronique*<br \/>\n<span class=\"wpcf7-form-control-wrap\" data-name=\"your-email\"><input size=\"40\" maxlength=\"400\" class=\"wpcf7-form-control wpcf7-email wpcf7-validates-as-required wpcf7-text wpcf7-validates-as-email\" autocomplete=\"email\" aria-required=\"true\" aria-invalid=\"false\" value=\"\" type=\"email\" name=\"your-email\" \/><\/span> <\/label>\n<\/p>\n<p><label> T\u00e9l\u00e9phone*<br \/>\n<span class=\"wpcf7-form-control-wrap\" data-name=\"your-phone\"><input size=\"40\" maxlength=\"400\" class=\"wpcf7-form-control wpcf7-text wpcf7-validates-as-required\" aria-required=\"true\" aria-invalid=\"false\" value=\"\" type=\"text\" name=\"your-phone\" \/><\/span> <\/label>\n<\/p>\n<p>Pour obtenir un devis, nous avons besoin des dimensions de la fen\u00eatre ainsi que du tissu souhait\u00e9.\n<\/p>\n<p><label> Tissu souhait\u00e9*<a href=\"\/gewebeauswahl\/\" target=\"_blank\">(infos sur le tissu<\/a>)<br \/>\n<span class=\"wpcf7-form-control-wrap\" data-name=\"select-70\"><select class=\"wpcf7-form-control wpcf7-select wpcf7-validates-as-required\" aria-required=\"true\" aria-invalid=\"false\" name=\"select-70\"><option value=\"Tissu en fibre de verre standard anthracite\">Tissu en fibre de verre standard anthracite<\/option><option value=\"Tissu en fibre de verre standard gris\">Tissu en fibre de verre standard gris<\/option><option value=\"Tissu Vision Perfect\u00ae\">Tissu Vision Perfect\u00ae<\/option><option value=\"Tissu fin\">Tissu fin<\/option><option value=\"Tissu pour animaux domestiques\">Tissu pour animaux domestiques<\/option><option value=\"Tissu de protection solaire\">Tissu de protection solaire<\/option><\/select><\/span> <\/label>\n<\/p>\n<p>Dimensions de la fen\u00eatre<a href=\"\/messen\/\" target=\"_blank\">(informations sur la mesure<\/a>)\n<\/p>\n<p><label> Hauteur en mm<br \/>\n<span class=\"wpcf7-form-control-wrap\" data-name=\"your-wide\"><input size=\"40\" maxlength=\"400\" class=\"wpcf7-form-control wpcf7-text wpcf7-validates-as-required\" aria-required=\"true\" aria-invalid=\"false\" value=\"\" type=\"text\" name=\"your-wide\" \/><\/span> <\/label><br \/>\n<label> Largeur en mm<br \/>\n<span class=\"wpcf7-form-control-wrap\" data-name=\"your-height\"><input size=\"40\" maxlength=\"400\" class=\"wpcf7-form-control wpcf7-text wpcf7-validates-as-required\" aria-required=\"true\" aria-invalid=\"false\" value=\"\" type=\"text\" name=\"your-height\" \/><\/span> <\/label>\n<\/p>\n<p><label> Autres informations (facultatif)<br \/>\n<span class=\"wpcf7-form-control-wrap\" data-name=\"your-message\"><textarea cols=\"40\" rows=\"10\" maxlength=\"2000\" class=\"wpcf7-form-control wpcf7-textarea\" aria-invalid=\"false\" name=\"your-message\"><\/textarea><\/span> <\/label>\n<\/p>\n<p><input class=\"wpcf7-form-control wpcf7-submit has-spinner\" type=\"submit\" value=\"Envoyer\" \/>\n<\/p><input type='hidden' class='wpcf7-pum' value='{\"closepopup\":false,\"closedelay\":0,\"openpopup\":false,\"openpopup_id\":0}' \/><div class=\"wpcf7-response-output\" aria-hidden=\"true\"><\/div>\n<\/form>\n<\/div>\n[\/vc_column][vc_column width=&#8221;1\/4&#8243;][\/vc_column][\/vc_row][vc_row row_height_percent=&#8221;0&#8243; override_padding=&#8221;yes&#8221; h_padding=&#8221;2&#8243; top_padding=&#8221;3&#8243; bottom_padding=&#8221;4&#8243; overlay_alpha=&#8221;50&#8243; gutter_size=&#8221;3&#8243; column_width_percent=&#8221;100&#8243; shift_y=&#8221;0&#8243; z_index=&#8221;0&#8243; content_parallax=&#8221;0&#8243; uncode_shortcode_id=&#8221;116218&#8243;][vc_column column_width_percent=&#8221;100&#8243; align_horizontal=&#8221;align_center&#8221; gutter_size=&#8221;3&#8243; overlay_alpha=&#8221;50&#8243; shift_x=&#8221;0&#8243; shift_y=&#8221;0&#8243; shift_y_down=&#8221;0&#8243; z_index=&#8221;0&#8243; medium_width=&#8221;0&#8243; mobile_width=&#8221;0&#8243; parallax_intensity=&#8221;2&#8243; width=&#8221;1\/1&#8243; uncode_shortcode_id=&#8221;403933&#8243;][vc_row_inner limit_content=&#8221;&#8221;][vc_column_inner width=&#8221;1\/4&#8243;][\/vc_column_inner][vc_column_inner width=&#8221;1\/4&#8243;][vc_icon icon_image=&#8221;150097&#8243; media_size=&#8221;200&#8243; text_weight=&#8221;500&#8243; text_reduced=&#8221;yes&#8221; title=&#8221;Stefan Frei&#8221; link=&#8221;url:mailto%3Ainfo%40flexscreen.ch|title:Caisse|target:_blank|&#8221; link_text=&#8221;e-Mail&#8221; uncode_shortcode_id=&#8221;793638&#8243;]<strong>Directeur g\u00e9n\u00e9ral<br \/>\n<\/strong>S&#8217;occupe des produits.<br \/>\nEt bien plus encore.[\/vc_icon][\/vc_column_inner][vc_column_inner width=&#8221;1\/4&#8243;][vc_icon icon_image=&#8221;145305&#8243; media_size=&#8221;200&#8243; text_weight=&#8221;500&#8243; text_reduced=&#8221;yes&#8221; title=&#8221;Adrian Schiess&#8221; link=&#8221;url:mailto%3Ainfo%40flexscreen.ch|target:_blank|&#8221; link_text=&#8221;E-Mail&#8221; uncode_shortcode_id=&#8221;162503&#8243;]<strong>Marketing &amp; Ventes<br \/>\n<\/strong>Faites conna\u00eetre Flexscreen.<br \/>\nEt vous obtenez un bon prix.[\/vc_icon][\/vc_column_inner][vc_column_inner width=&#8221;1\/4&#8243;][\/vc_column_inner][\/vc_row_inner][\/vc_column][\/vc_row]<\/p>\n<\/div>","protected":false},"excerpt":{"rendered":"<p>[vc_row row_height_percent=&#8221;75&#8243; back_color=&#8221;color-wayh&#8221; back_image=&#8221;145187&#8243; back_position=&#8221;center bottom&#8221; parallax=&#8221;yes&#8221; overlay_color=&#8221;color-wayh&#8221; overlay_alpha=&#8221;35&#8243; gutter_size=&#8221;3&#8243; column_width_percent=&#8221;100&#8243; shift_y=&#8221;0&#8243; z_index=&#8221;0&#8243; content_parallax=&#8221;0&#8243; uncode_shortcode_id=&#8221;283266&#8243; back_color_type=&#8221;uncode-palette&#8221; overlay_color_type=&#8221;uncode-palette&#8221;][vc_column column_width_use_pixel=&#8221;yes&#8221; position_vertical=&#8221;middle&#8221; align_horizontal=&#8221;align_center&#8221; [&hellip;]<\/p>\n","protected":false},"author":1,"featured_media":0,"parent":0,"menu_order":0,"comment_status":"closed","ping_status":"closed","template":"","meta":{"footnotes":""},"class_list":["post-150194","page","type-page","status-publish","hentry"],"_links":{"self":[{"href":"https:\/\/flexscreen.ch\/fr\/wp-json\/wp\/v2\/pages\/150194","targetHints":{"allow":["GET"]}}],"collection":[{"href":"https:\/\/flexscreen.ch\/fr\/wp-json\/wp\/v2\/pages"}],"about":[{"href":"https:\/\/flexscreen.ch\/fr\/wp-json\/wp\/v2\/types\/page"}],"author":[{"embeddable":true,"href":"https:\/\/flexscreen.ch\/fr\/wp-json\/wp\/v2\/users\/1"}],"replies":[{"embeddable":true,"href":"https:\/\/flexscreen.ch\/fr\/wp-json\/wp\/v2\/comments?post=150194"}],"version-history":[{"count":28,"href":"https:\/\/flexscreen.ch\/fr\/wp-json\/wp\/v2\/pages\/150194\/revisions"}],"predecessor-version":[{"id":150306,"href":"https:\/\/flexscreen.ch\/fr\/wp-json\/wp\/v2\/pages\/150194\/revisions\/150306"}],"wp:attachment":[{"href":"https:\/\/flexscreen.ch\/fr\/wp-json\/wp\/v2\/media?parent=150194"}],"curies":[{"name":"wp","href":"https:\/\/api.w.org\/{rel}","templated":true}]}}