{"id":149723,"date":"2025-06-03T10:02:29","date_gmt":"2025-06-03T10:02:29","guid":{"rendered":"https:\/\/flexscreen.ch\/connexion-revendeur-2\/"},"modified":"2025-08-25T19:13:37","modified_gmt":"2025-08-25T19:13:37","slug":"connexion-revendeur-2","status":"publish","type":"page","link":"https:\/\/flexscreen.ch\/fr\/connexion-revendeur-2\/","title":{"rendered":"Connexion revendeur"},"content":{"rendered":"<div class=\"wpb-content-wrapper\">[vc_row row_height_percent=&#8221;75&#8243; back_color=&#8221;color-wayh&#8221; back_image=&#8221;145193&#8243; back_position=&#8221;center bottom&#8221; parallax=&#8221;yes&#8221; overlay_color=&#8221;color-wayh&#8221; overlay_alpha=&#8221;35&#8243; gutter_size=&#8221;3&#8243; column_width_percent=&#8221;100&#8243; shift_y=&#8221;0&#8243; z_index=&#8221;0&#8243; content_parallax=&#8221;0&#8243; uncode_shortcode_id=&#8221;213860&#8243; back_color_type=&#8221;uncode-palette&#8221; overlay_color_type=&#8221;uncode-palette&#8221;][vc_column column_width_use_pixel=&#8221;yes&#8221; position_vertical=&#8221;middle&#8221; align_horizontal=&#8221;align_center&#8221; gutter_size=&#8221;2&#8243; style=&#8221;dark&#8221; overlay_alpha=&#8221;50&#8243; shift_x=&#8221;0&#8243; shift_y=&#8221;0&#8243; shift_y_down=&#8221;0&#8243; z_index=&#8221;0&#8243; medium_width=&#8221;0&#8243; mobile_width=&#8221;0&#8243; width=&#8221;1\/1&#8243; column_width_pixel=&#8221;900&#8243;][vc_custom_heading heading_semantic=&#8221;h5&#8243; text_size=&#8221;h3&#8243; text_transform=&#8221;uppercase&#8221; uncode_shortcode_id=&#8221;117314&#8243;]H\u00e4ndlershop[\/vc_custom_heading][vc_custom_heading heading_semantic=&#8221;h1&#8243; text_size=&#8221;h1&#8243; uncode_shortcode_id=&#8221;145947&#8243;]Exklusiv f\u00fcr Wiederverk\u00e4ufer &amp; H\u00e4ndler[\/vc_custom_heading][vc_empty_space][\/vc_column][\/vc_row][vc_row row_height_percent=&#8221;0&#8243; override_padding=&#8221;yes&#8221; h_padding=&#8221;2&#8243; top_padding=&#8221;3&#8243; bottom_padding=&#8221;4&#8243; overlay_alpha=&#8221;50&#8243; gutter_size=&#8221;3&#8243; column_width_percent=&#8221;100&#8243; shift_y=&#8221;0&#8243; z_index=&#8221;0&#8243; content_parallax=&#8221;0&#8243; uncode_shortcode_id=&#8221;481745&#8243;][vc_column width=&#8221;1\/4&#8243;][\/vc_column][vc_column width=&#8221;1\/2&#8243;][vc_column_text]<\/p>\n<p>[wholesale_login]<\/p>\n<p>[\/vc_column_text][vc_column_text uncode_shortcode_id=&#8221;656111&#8243;]Falls Sie noch kein Login haben, hier geht&#8217;s zur <a href=\"https:\/\/flexscreen.ch\/haendler-werden\/\">Registration<\/a><\/p>\n<p>[\/vc_column_text][\/vc_column][vc_column width=&#8221;1\/4&#8243;][\/vc_column][\/vc_row][vc_row][vc_column][\/vc_column][\/vc_row]<\/p>\n<\/div>","protected":false},"excerpt":{"rendered":"<p>[vc_row row_height_percent=&#8221;75&#8243; back_color=&#8221;color-wayh&#8221; back_image=&#8221;145193&#8243; back_position=&#8221;center bottom&#8221; parallax=&#8221;yes&#8221; overlay_color=&#8221;color-wayh&#8221; overlay_alpha=&#8221;35&#8243; gutter_size=&#8221;3&#8243; column_width_percent=&#8221;100&#8243; shift_y=&#8221;0&#8243; z_index=&#8221;0&#8243; content_parallax=&#8221;0&#8243; uncode_shortcode_id=&#8221;213860&#8243; back_color_type=&#8221;uncode-palette&#8221; overlay_color_type=&#8221;uncode-palette&#8221;][vc_column column_width_use_pixel=&#8221;yes&#8221; position_vertical=&#8221;middle&#8221; align_horizontal=&#8221;align_center&#8221; [&hellip;]<\/p>\n","protected":false},"author":1,"featured_media":0,"parent":0,"menu_order":0,"comment_status":"closed","ping_status":"closed","template":"","meta":{"footnotes":""},"class_list":["post-149723","page","type-page","status-publish","hentry"],"_links":{"self":[{"href":"https:\/\/flexscreen.ch\/fr\/wp-json\/wp\/v2\/pages\/149723","targetHints":{"allow":["GET"]}}],"collection":[{"href":"https:\/\/flexscreen.ch\/fr\/wp-json\/wp\/v2\/pages"}],"about":[{"href":"https:\/\/flexscreen.ch\/fr\/wp-json\/wp\/v2\/types\/page"}],"author":[{"embeddable":true,"href":"https:\/\/flexscreen.ch\/fr\/wp-json\/wp\/v2\/users\/1"}],"replies":[{"embeddable":true,"href":"https:\/\/flexscreen.ch\/fr\/wp-json\/wp\/v2\/comments?post=149723"}],"version-history":[{"count":8,"href":"https:\/\/flexscreen.ch\/fr\/wp-json\/wp\/v2\/pages\/149723\/revisions"}],"predecessor-version":[{"id":150066,"href":"https:\/\/flexscreen.ch\/fr\/wp-json\/wp\/v2\/pages\/149723\/revisions\/150066"}],"wp:attachment":[{"href":"https:\/\/flexscreen.ch\/fr\/wp-json\/wp\/v2\/media?parent=149723"}],"curies":[{"name":"wp","href":"https:\/\/api.w.org\/{rel}","templated":true}]}}