{"id":149528,"date":"2025-05-08T07:01:58","date_gmt":"2025-05-08T07:01:58","guid":{"rendered":"https:\/\/flexscreen.ch\/production\/"},"modified":"2026-02-12T02:40:18","modified_gmt":"2026-02-12T02:40:18","slug":"production","status":"publish","type":"page","link":"https:\/\/flexscreen.ch\/fr\/production\/","title":{"rendered":"Production"},"content":{"rendered":"<div class=\"wpb-content-wrapper\"><p>[vc_row row_height_percent=&#8221;75&#8243; back_color=&#8221;color-wayh&#8221; back_image=&#8221;149521&#8243; back_position=&#8221;center center&#8221; parallax=&#8221;yes&#8221; overlay_color=&#8221;color-wayh&#8221; overlay_alpha=&#8221;35&#8243; gutter_size=&#8221;3&#8243; column_width_percent=&#8221;100&#8243; shift_y=&#8221;0&#8243; z_index=&#8221;0&#8243; content_parallax=&#8221;0&#8243; uncode_shortcode_id=&#8221;743784&#8243; back_color_type=&#8221;uncode-palette&#8221; overlay_color_type=&#8221;uncode-palette&#8221;][vc_column column_width_use_pixel=&#8221;yes&#8221; position_vertical=&#8221;middle&#8221; align_horizontal=&#8221;align_center&#8221; gutter_size=&#8221;2&#8243; style=&#8221;dark&#8221; overlay_alpha=&#8221;50&#8243; shift_x=&#8221;0&#8243; shift_y=&#8221;0&#8243; shift_y_down=&#8221;0&#8243; z_index=&#8221;0&#8243; medium_width=&#8221;0&#8243; mobile_width=&#8221;0&#8243; width=&#8221;1\/1&#8243; column_width_pixel=&#8221;900&#8243;][vc_custom_heading heading_semantic=&#8221;h5&#8243; text_size=&#8221;h3&#8243; text_transform=&#8221;uppercase&#8221; uncode_shortcode_id=&#8221;263929&#8243;]Production[\/vc_custom_heading][vc_custom_heading heading_semantic=&#8221;h1&#8243; text_size=&#8221;h1&#8243; uncode_shortcode_id=&#8221;695075&#8243;]Fabriqu\u00e9 sur mesure. Fait \u00e0 la main. Chacun d&#8217;entre eux.[\/vc_custom_heading][vc_empty_space][\/vc_column][\/vc_row][vc_row row_height_percent=&#8221;0&#8243; override_padding=&#8221;yes&#8221; h_padding=&#8221;2&#8243; top_padding=&#8221;3&#8243; bottom_padding=&#8221;2&#8243; overlay_alpha=&#8221;50&#8243; gutter_size=&#8221;3&#8243; column_width_percent=&#8221;100&#8243; shift_y=&#8221;0&#8243; z_index=&#8221;0&#8243; content_parallax=&#8221;0&#8243; uncode_shortcode_id=&#8221;188625&#8243;][vc_column width=&#8221;1\/6&#8243;][\/vc_column][vc_column column_width_percent=&#8221;100&#8243; align_horizontal=&#8221;align_center&#8221; gutter_size=&#8221;3&#8243; overlay_alpha=&#8221;50&#8243; shift_x=&#8221;0&#8243; shift_y=&#8221;0&#8243; shift_y_down=&#8221;0&#8243; z_index=&#8221;0&#8243; medium_width=&#8221;0&#8243; mobile_width=&#8221;0&#8243; parallax_intensity=&#8221;2&#8243; width=&#8221;2\/3&#8243; uncode_shortcode_id=&#8221;187372&#8243;][vc_custom_heading uncode_shortcode_id=&#8221;366385&#8243;]Quelle est la fiabilit\u00e9 de FlexScreen ?[\/vc_custom_heading][vc_column_text uncode_shortcode_id=&#8221;108063&#8243;]Une technologie de pointe et un design intelligent. FlexScreen pr\u00e9sente une solution r\u00e9volutionnaire et brevet\u00e9e de moustiquaire pour votre maison.[\/vc_column_text][vc_custom_heading heading_semantic=&#8221;h3&#8243; text_size=&#8221;h3&#8243; uncode_shortcode_id=&#8221;780828&#8243;]Technologie brevet\u00e9e[\/vc_custom_heading][vc_column_text uncode_shortcode_id=&#8221;506696&#8243;]Actuellement, FlexScreen se distingue dans le secteur de la moustiquaire gr\u00e2ce \u00e0 cinq brevets diff\u00e9rents concernant son design sophistiqu\u00e9, sa structure de cadre et ses proc\u00e9d\u00e9s de fabrication.[\/vc_column_text][vc_custom_heading heading_semantic=&#8221;h3&#8243; text_size=&#8221;h3&#8243; uncode_shortcode_id=&#8221;651572&#8243;]Production de haute qualit\u00e9 en Allemagne[\/vc_custom_heading][vc_column_text uncode_shortcode_id=&#8221;470284&#8243;]Nos machines exclusives permettent une fabrication pr\u00e9cise et efficace. Dans notre vaste atelier de production en Allemagne, des sp\u00e9cialistes form\u00e9s travaillent main dans la main pour que chaque \u00e9tape de travail soit parfaitement coordonn\u00e9e. De la machine \u00e0 plier le fil \u00e0 la machine \u00e0 poncer, en passant par la soudure de la toile, ce sont les \u00e9tapes et les manipulations les plus importantes jusqu&#8217;\u00e0 ce que le fil &amp; la toile en vrac deviennent cette moustiquaire exclusive. Un produit qui n&#8217;est pas seulement fonctionnel, mais aussi esth\u00e9tique.[\/vc_column_text][vc_custom_heading heading_semantic=&#8221;h3&#8243; text_size=&#8221;h3&#8243; uncode_shortcode_id=&#8221;186942&#8243;]\u00c0 la fois solide et durable[\/vc_custom_heading][vc_column_text uncode_shortcode_id=&#8221;196393&#8243;]Le tissu r\u00e9siste \u00e0 un poids de plus de 20 kg en charge centrale sans se d\u00e9tacher du cadre FlexScreen. Cela \u00e9quivaut au poids d&#8217;une caisse de boissons pleine. Les cadres \u00e0 ressort en acier au carbone rev\u00eatus de PVC et la toile en fibre de verre r\u00e9sistante aux UV constituent une protection fiable pour de nombreuses ann\u00e9es gr\u00e2ce \u00e0 ces mat\u00e9riaux de haute qualit\u00e9.[\/vc_column_text][\/vc_column][vc_column width=&#8221;1\/6&#8243;][\/vc_column][\/vc_row][vc_row unlock_row_content=&#8221;yes&#8221; row_height_percent=&#8221;0&#8243; override_padding=&#8221;yes&#8221; h_padding=&#8221;0&#8243; top_padding=&#8221;0&#8243; bottom_padding=&#8221;0&#8243; overlay_alpha=&#8221;50&#8243; gutter_size=&#8221;3&#8243; column_width_percent=&#8221;100&#8243; shift_y=&#8221;0&#8243; z_index=&#8221;0&#8243; content_parallax=&#8221;0&#8243; uncode_shortcode_id=&#8221;746611&#8243;][vc_column width=&#8221;1\/1&#8243;][vc_empty_space empty_h=&#8221;2&#8243;][vc_gallery el_id=&#8221;gallery-722655&#8243; medias=&#8221;149523,146049,146045,146051&#8243; gutter_size=&#8221;0&#8243; media_items=&#8221;media|nolink|original,icon&#8221; screen_lg=&#8221;1000&#8243; screen_md=&#8221;600&#8243; screen_sm=&#8221;480&#8243; single_width=&#8221;3&#8243; images_size=&#8221;one-one&#8221; single_overlay_opacity=&#8221;50&#8243; single_padding=&#8221;0&#8243; single_text_reduced=&#8221;yes&#8221; single_border=&#8221;yes&#8221; uncode_shortcode_id=&#8221;171607&#8243; items=&#8221;eyIxNDUxOTFfaSI6eyJzaW5nbGVfdGV4dCI6Im92ZXJsYXkifX0=&#8221;][\/vc_column][\/vc_row]<\/p>\n<\/div>","protected":false},"excerpt":{"rendered":"<p>[vc_row row_height_percent=&#8221;75&#8243; back_color=&#8221;color-wayh&#8221; back_image=&#8221;149521&#8243; back_position=&#8221;center center&#8221; parallax=&#8221;yes&#8221; overlay_color=&#8221;color-wayh&#8221; overlay_alpha=&#8221;35&#8243; gutter_size=&#8221;3&#8243; column_width_percent=&#8221;100&#8243; shift_y=&#8221;0&#8243; z_index=&#8221;0&#8243; content_parallax=&#8221;0&#8243; uncode_shortcode_id=&#8221;743784&#8243; back_color_type=&#8221;uncode-palette&#8221; overlay_color_type=&#8221;uncode-palette&#8221;][vc_column column_width_use_pixel=&#8221;yes&#8221; position_vertical=&#8221;middle&#8221; align_horizontal=&#8221;align_center&#8221; [&hellip;]<\/p>\n","protected":false},"author":1,"featured_media":0,"parent":0,"menu_order":0,"comment_status":"closed","ping_status":"closed","template":"","meta":{"footnotes":""},"class_list":["post-149528","page","type-page","status-publish","hentry"],"_links":{"self":[{"href":"https:\/\/flexscreen.ch\/fr\/wp-json\/wp\/v2\/pages\/149528","targetHints":{"allow":["GET"]}}],"collection":[{"href":"https:\/\/flexscreen.ch\/fr\/wp-json\/wp\/v2\/pages"}],"about":[{"href":"https:\/\/flexscreen.ch\/fr\/wp-json\/wp\/v2\/types\/page"}],"author":[{"embeddable":true,"href":"https:\/\/flexscreen.ch\/fr\/wp-json\/wp\/v2\/users\/1"}],"replies":[{"embeddable":true,"href":"https:\/\/flexscreen.ch\/fr\/wp-json\/wp\/v2\/comments?post=149528"}],"version-history":[{"count":10,"href":"https:\/\/flexscreen.ch\/fr\/wp-json\/wp\/v2\/pages\/149528\/revisions"}],"predecessor-version":[{"id":150380,"href":"https:\/\/flexscreen.ch\/fr\/wp-json\/wp\/v2\/pages\/149528\/revisions\/150380"}],"wp:attachment":[{"href":"https:\/\/flexscreen.ch\/fr\/wp-json\/wp\/v2\/media?parent=149528"}],"curies":[{"name":"wp","href":"https:\/\/api.w.org\/{rel}","templated":true}]}}