{"id":147700,"date":"2025-03-21T07:02:44","date_gmt":"2025-03-21T07:02:44","guid":{"rendered":"https:\/\/flexscreen.ch\/conditions-generales-de-vente\/"},"modified":"2025-09-01T18:42:50","modified_gmt":"2025-09-01T18:42:50","slug":"conditions-generales-de-vente","status":"publish","type":"page","link":"https:\/\/flexscreen.ch\/fr\/conditions-generales-de-vente\/","title":{"rendered":"CONDITIONS G\u00c9N\u00c9RALES DE VENTE"},"content":{"rendered":"<div class=\"wpb-content-wrapper\"><p>[vc_row row_height_percent=&#8221;75&#8243; back_color=&#8221;color-wayh&#8221; back_image=&#8221;145190&#8243; back_position=&#8221;center bottom&#8221; parallax=&#8221;yes&#8221; overlay_color=&#8221;color-wayh&#8221; overlay_alpha=&#8221;35&#8243; gutter_size=&#8221;3&#8243; column_width_percent=&#8221;100&#8243; shift_y=&#8221;0&#8243; z_index=&#8221;0&#8243; content_parallax=&#8221;0&#8243; uncode_shortcode_id=&#8221;678802&#8243; back_color_type=&#8221;uncode-palette&#8221; overlay_color_type=&#8221;uncode-palette&#8221;][vc_column column_width_use_pixel=&#8221;yes&#8221; position_vertical=&#8221;middle&#8221; align_horizontal=&#8221;align_center&#8221; gutter_size=&#8221;2&#8243; style=&#8221;dark&#8221; overlay_alpha=&#8221;50&#8243; shift_x=&#8221;0&#8243; shift_y=&#8221;0&#8243; shift_y_down=&#8221;0&#8243; z_index=&#8221;0&#8243; medium_width=&#8221;0&#8243; mobile_width=&#8221;0&#8243; width=&#8221;1\/1&#8243; column_width_pixel=&#8221;900&#8243;][vc_custom_heading heading_semantic=&#8221;h5&#8243; text_size=&#8221;h3&#8243; text_transform=&#8221;uppercase&#8221; uncode_shortcode_id=&#8221;183927&#8243;][\/vc_custom_heading][vc_custom_heading heading_semantic=&#8221;h1&#8243; text_size=&#8221;h1&#8243; uncode_shortcode_id=&#8221;271637&#8243;]Conditions g\u00e9n\u00e9rales de vente[\/vc_custom_heading][vc_empty_space][\/vc_column][\/vc_row][vc_row row_height_percent=&#8221;0&#8243; override_padding=&#8221;yes&#8221; h_padding=&#8221;2&#8243; top_padding=&#8221;4&#8243; bottom_padding=&#8221;2&#8243; overlay_alpha=&#8221;50&#8243; gutter_size=&#8221;3&#8243; column_width_percent=&#8221;100&#8243; shift_y=&#8221;0&#8243; z_index=&#8221;0&#8243; content_parallax=&#8221;0&#8243; uncode_shortcode_id=&#8221;144610&#8243;][vc_column column_width_percent=&#8221;100&#8243; align_horizontal=&#8221;align_center&#8221; gutter_size=&#8221;3&#8243; overlay_alpha=&#8221;50&#8243; shift_x=&#8221;0&#8243; shift_y=&#8221;0&#8243; shift_y_down=&#8221;0&#8243; z_index=&#8221;0&#8243; medium_width=&#8221;0&#8243; mobile_width=&#8221;0&#8243; parallax_intensity=&#8221;2&#8243; width=&#8221;1\/1&#8243; uncode_shortcode_id=&#8221;403933&#8243;][vc_row_inner][vc_column_inner width=&#8221;1\/4&#8243;][\/vc_column_inner][vc_column_inner column_width_percent=&#8221;100&#8243; align_horizontal=&#8221;align_center&#8221; gutter_size=&#8221;3&#8243; overlay_alpha=&#8221;50&#8243; shift_x=&#8221;0&#8243; shift_y=&#8221;0&#8243; shift_y_down=&#8221;0&#8243; z_index=&#8221;0&#8243; medium_width=&#8221;0&#8243; mobile_width=&#8221;0&#8243; width=&#8221;1\/2&#8243; uncode_shortcode_id=&#8221;664813&#8243;][vc_custom_heading uncode_shortcode_id=&#8221;734322&#8243;]Conditions g\u00e9n\u00e9rales de vente et de livraison[\/vc_custom_heading][vc_column_text uncode_shortcode_id=&#8221;264777&#8243;]<strong>Dispositions de base<\/strong><\/p>\n<p>Les conditions g\u00e9n\u00e9rales de vente suivantes s&#8217;appliquent aux contrats que vous concluez avec nous en tant que fournisseur via le site Internet flexscreen.ch. Sauf accord contraire, nous nous opposons \u00e0 l&#8217;int\u00e9gration de vos propres conditions, le cas \u00e9ch\u00e9ant. <\/p>\n<p>Le consommateur, au sens des dispositions suivantes, est toute personne physique qui conclut un acte juridique \u00e0 des fins qui, pour l&#8217;essentiel, ne peuvent \u00eatre imput\u00e9es ni \u00e0 son activit\u00e9 commerciale ni \u00e0 son activit\u00e9 professionnelle ind\u00e9pendante. L&#8217;entrepreneur est toute personne physique ou morale ou toute soci\u00e9t\u00e9 de personnes ayant la capacit\u00e9 juridique qui, lors de la conclusion d&#8217;un acte juridique, agit dans l&#8217;exercice de son activit\u00e9 professionnelle ind\u00e9pendante ou commerciale. <\/p>\n<p><strong>Formation du contrat<\/strong><\/p>\n<p>L&#8217;objet du contrat est la vente de marchandises.<br \/>D\u00e8s la mise en ligne du produit concern\u00e9 sur notre site Internet, nous vous soumettons une offre ferme pour la conclusion d&#8217;un contrat via le syst\u00e8me de panier en ligne aux conditions indiqu\u00e9es dans la description de l&#8217;article.<br \/>Le contrat est conclu via le syst\u00e8me de panier en ligne de la mani\u00e8re suivante :<br \/>Les marchandises que vous avez l&#8217;intention d&#8217;acheter sont plac\u00e9es dans le &#8220;panier&#8221;. Le bouton correspondant dans la barre de navigation vous permet d&#8217;acc\u00e9der au &#8220;panier&#8221; et d&#8217;y apporter des modifications \u00e0 tout moment.<br \/>Apr\u00e8s avoir cliqu\u00e9 sur le bouton &#8220;Caisse&#8221; ou &#8220;Poursuivre la commande&#8221; (ou d\u00e9signation similaire) et saisi vos donn\u00e9es personnelles ainsi que les conditions de paiement et d&#8217;exp\u00e9dition, les donn\u00e9es de la commande s&#8217;affichent finalement sous forme d&#8217;aper\u00e7u de la commande. <\/p>\n<p>Si vous utilisez un syst\u00e8me de paiement imm\u00e9diat (par ex. PayPal) comme mode de paiement, vous serez soit redirig\u00e9 vers la page de r\u00e9capitulatif de la commande dans notre boutique en ligne, soit vers la page Internet du fournisseur du syst\u00e8me de paiement imm\u00e9diat. Si vous \u00eates redirig\u00e9 vers le syst\u00e8me de paiement imm\u00e9diat en question, vous devez y effectuer la s\u00e9lection ou la saisie de vos donn\u00e9es. Enfin, sur la page Internet du fournisseur du syst\u00e8me de paiement imm\u00e9diat ou apr\u00e8s avoir \u00e9t\u00e9 redirig\u00e9 vers notre boutique en ligne, les donn\u00e9es de la commande s&#8217;affichent sous forme de r\u00e9capitulatif de la commande.  <\/p>\n<p>Avant d&#8217;envoyer la commande, vous avez la possibilit\u00e9 de v\u00e9rifier \u00e0 nouveau les donn\u00e9es dans l&#8217;aper\u00e7u de la commande, de les modifier (\u00e9galement via la fonction &#8220;retour&#8221; du navigateur Internet) ou d&#8217;annuler la commande.<\/p>\n<p>En envoyant la commande via le bouton correspondant (&#8220;commande avec obligation de paiement&#8221;, &#8220;acheter&#8221; \/ &#8220;acheter maintenant&#8221;, &#8220;commande payante&#8221;, &#8220;payer&#8221; \/ &#8220;payer maintenant&#8221; ou d\u00e9signation similaire), vous d\u00e9clarez de mani\u00e8re juridiquement contraignante l&#8217;acceptation de l&#8217;offre, ce qui entra\u00eene la conclusion du contrat. Le traitement de la commande et la transmission de toutes les informations n\u00e9cessaires \u00e0 la conclusion du contrat se font par e-mail, en partie de mani\u00e8re automatis\u00e9e. Vous devez donc vous assurer que l&#8217;adresse e-mail que vous avez enregistr\u00e9e chez nous est correcte, que la r\u00e9ception des e-mails est techniquement garantie et qu&#8217;elle n&#8217;est notamment pas emp\u00each\u00e9e par des filtres SPAM.  <\/p>\n<p><strong>Marchandises personnalis\u00e9es<\/strong><\/p>\n<p>Vous nous fournissez les informations, textes ou fichiers appropri\u00e9s n\u00e9cessaires \u00e0 la personnalisation des marchandises via le syst\u00e8me de commande en ligne ou par e-mail, au plus tard imm\u00e9diatement apr\u00e8s la conclusion du contrat. Vous devez respecter nos \u00e9ventuelles exigences en mati\u00e8re de format de fichier. <br \/>(2) Vous vous engagez \u00e0 ne pas transmettre de donn\u00e9es dont le contenu viole les droits de tiers (en particulier les droits d&#8217;auteur, les droits de nom, les droits de marque) ou enfreint les lois existantes. Vous nous lib\u00e9rez express\u00e9ment de toutes les revendications de tiers dans ce contexte. Cela concerne \u00e9galement les frais de repr\u00e9sentation juridique n\u00e9cessaires dans ce contexte.  <br \/>(3) Nous ne v\u00e9rifions pas l&#8217;exactitude du contenu des donn\u00e9es transmises et n&#8217;assumons donc aucune responsabilit\u00e9 en cas d&#8217;erreur.<\/p>\n<p><strong>Droit de r\u00e9tention, r\u00e9serve de propri\u00e9t\u00e9<\/strong><\/p>\n<p>Vous ne pouvez exercer un droit de r\u00e9tention que dans la mesure o\u00f9 il s&#8217;agit de cr\u00e9ances issues de la m\u00eame relation contractuelle. La marchandise reste notre propri\u00e9t\u00e9 jusqu&#8217;au paiement int\u00e9gral du prix d&#8217;achat. <\/p>\n<p>Si vous \u00eates un entrepreneur, les r\u00e8gles suivantes s&#8217;appliquent \u00e9galement :<\/p>\n<p>Nous nous r\u00e9servons la propri\u00e9t\u00e9 de la marchandise jusqu&#8217;au r\u00e8glement complet de toutes les cr\u00e9ances r\u00e9sultant de la relation commerciale en cours. Avant le transfert de propri\u00e9t\u00e9 de la marchandise sous r\u00e9serve de propri\u00e9t\u00e9, une mise en gage ou un transfert de propri\u00e9t\u00e9 \u00e0 titre de garantie n&#8217;est pas autoris\u00e9. <\/p>\n<p>Vous pouvez revendre la marchandise dans le cadre de la marche normale des affaires. Dans ce cas, vous nous c\u00e9dez d&#8217;ores et d\u00e9j\u00e0 toutes les cr\u00e9ances \u00e0 hauteur du montant de la facture qui r\u00e9sultent pour vous de la revente, nous acceptons la cession. Vous \u00eates en outre autoris\u00e9 \u00e0 recouvrer la cr\u00e9ance. Si vous ne remplissez pas vos obligations de paiement en bonne et due forme, nous nous r\u00e9servons toutefois le droit de recouvrer nous-m\u00eames la cr\u00e9ance.   <\/p>\n<p>En cas d&#8217;association et de m\u00e9lange de la marchandise sous r\u00e9serve de propri\u00e9t\u00e9, nous acqu\u00e9rons la copropri\u00e9t\u00e9 de la nouvelle chose au prorata de la valeur factur\u00e9e de la marchandise sous r\u00e9serve de propri\u00e9t\u00e9 par rapport aux autres objets transform\u00e9s au moment de la transformation.<\/p>\n<p>Nous nous engageons \u00e0 lib\u00e9rer, \u00e0 votre demande, les garanties auxquelles nous avons droit dans la mesure o\u00f9 la valeur r\u00e9alisable de nos garanties d\u00e9passe de plus de 10% la cr\u00e9ance \u00e0 garantir. Le choix des garanties \u00e0 lib\u00e9rer nous incombe. <\/p>\n<p><strong>Garantie<\/strong><\/p>\n<p>Les droits l\u00e9gaux en mati\u00e8re de garantie des vices cach\u00e9s s&#8217;appliquent.<\/p>\n<p>En tant que consommateur, vous \u00eates pri\u00e9 de v\u00e9rifier imm\u00e9diatement \u00e0 la livraison si la marchandise est compl\u00e8te, si elle pr\u00e9sente des d\u00e9fauts \u00e9vidents et si elle a \u00e9t\u00e9 endommag\u00e9e pendant le transport, et de nous faire part, ainsi qu&#8217;au transporteur, de toute r\u00e9clamation dans les meilleurs d\u00e9lais. Si vous ne le faites pas, cela n&#8217;a aucun effet sur vos droits de garantie l\u00e9gaux. Dans la mesure o\u00f9 une caract\u00e9ristique de la marchandise diff\u00e8re des exigences objectives, la diff\u00e9rence n&#8217;est consid\u00e9r\u00e9e comme convenue que si vous avez \u00e9t\u00e9 inform\u00e9 de cette diff\u00e9rence par nous avant la d\u00e9claration de contrat et si la diff\u00e9rence a \u00e9t\u00e9 convenue express\u00e9ment et s\u00e9par\u00e9ment entre les parties contractantes.  <\/p>\n<p>Dans la mesure o\u00f9 vous \u00eates une entreprise, les dispositions suivantes s&#8217;appliquent par d\u00e9rogation aux r\u00e8gles de garantie susmentionn\u00e9es :<\/p>\n<p>Seules nos propres indications et la description du produit par le fabricant sont consid\u00e9r\u00e9es comme convenues en tant que caract\u00e9ristiques de la marchandise, \u00e0 l&#8217;exclusion de toute autre publicit\u00e9, de tout \u00e9loge public et de toute d\u00e9claration du fabricant.<\/p>\n<p>En cas de d\u00e9faut, nous garantissons, \u00e0 notre choix, la r\u00e9paration ou la livraison ult\u00e9rieure. Si l&#8217;\u00e9limination des d\u00e9fauts \u00e9choue, vous pouvez, \u00e0 votre choix, exiger une r\u00e9duction du prix ou r\u00e9silier le contrat. L&#8217;\u00e9limination des d\u00e9fauts est consid\u00e9r\u00e9e comme ayant \u00e9chou\u00e9 apr\u00e8s une deuxi\u00e8me tentative infructueuse, sauf s&#8217;il en r\u00e9sulte autrement, notamment en raison de la nature de la marchandise ou du d\u00e9faut ou d&#8217;autres circonstances. En cas de r\u00e9paration, nous ne sommes pas tenus de prendre en charge les frais suppl\u00e9mentaires occasionn\u00e9s par le d\u00e9placement de la marchandise vers un lieu autre que le lieu d&#8217;ex\u00e9cution, dans la mesure o\u00f9 ce d\u00e9placement ne correspond pas \u00e0 l&#8217;utilisation pr\u00e9vue de la marchandise.   <\/p>\n<p>Le d\u00e9lai de garantie est d&#8217;un an \u00e0 compter de la livraison de la marchandise. La r\u00e9duction du d\u00e9lai ne s&#8217;applique pas :<br \/>&#8211; pour les dommages fautifs qui nous sont imputables et qui r\u00e9sultent d&#8217;une atteinte \u00e0 la vie, \u00e0 l&#8217;int\u00e9grit\u00e9 physique ou \u00e0 la sant\u00e9 et pour les autres dommages caus\u00e9s intentionnellement ou par n\u00e9gligence grave ;<br \/>&#8211; dans la mesure o\u00f9 nous avons dissimul\u00e9 dolosivement le d\u00e9faut ou pris en charge une garantie pour la qualit\u00e9 de la chose ;<br \/>&#8211; pour les choses qui ont \u00e9t\u00e9 utilis\u00e9es conform\u00e9ment \u00e0 leur mode d&#8217;utilisation habituel pour un ouvrage de construction et qui ont caus\u00e9 sa d\u00e9fectuosit\u00e9 ;<br \/>&#8211; pour les droits de recours l\u00e9gaux que vous avez contre nous en relation avec les droits r\u00e9sultant de la constatation de d\u00e9fauts. <\/p>\n<p><strong>Choix du droit applicable, lieu d&#8217;ex\u00e9cution, juridiction comp\u00e9tente<\/strong><\/p>\n<p>Le droit suisse est applicable. Le lieu d&#8217;ex\u00e9cution pour toutes les prestations d\u00e9coulant des relations commerciales existantes avec nous ainsi que le tribunal comp\u00e9tent est notre si\u00e8ge. <\/p>\n<p>&nbsp;<\/p>\n<p>Dagmersellen, 2025[\/vc_column_text][\/vc_column_inner][vc_column_inner width=&#8221;1\/4&#8243;][\/vc_column_inner][\/vc_row_inner][\/vc_column][\/vc_row]<\/p>\n<\/div>","protected":false},"excerpt":{"rendered":"<p>Si vous souhaitez discuter de votre travail avec nous, en savoir plus sur la gamme de services que nous avons \u00e0 offrir, ou simplement avoir une discussion, n&#8217;h\u00e9sitez pas \u00e0 nous contacter.<\/p>\n","protected":false},"author":1,"featured_media":0,"parent":0,"menu_order":0,"comment_status":"open","ping_status":"closed","template":"","meta":{"footnotes":""},"class_list":["post-147700","page","type-page","status-publish","hentry"],"_links":{"self":[{"href":"https:\/\/flexscreen.ch\/fr\/wp-json\/wp\/v2\/pages\/147700","targetHints":{"allow":["GET"]}}],"collection":[{"href":"https:\/\/flexscreen.ch\/fr\/wp-json\/wp\/v2\/pages"}],"about":[{"href":"https:\/\/flexscreen.ch\/fr\/wp-json\/wp\/v2\/types\/page"}],"author":[{"embeddable":true,"href":"https:\/\/flexscreen.ch\/fr\/wp-json\/wp\/v2\/users\/1"}],"replies":[{"embeddable":true,"href":"https:\/\/flexscreen.ch\/fr\/wp-json\/wp\/v2\/comments?post=147700"}],"version-history":[{"count":30,"href":"https:\/\/flexscreen.ch\/fr\/wp-json\/wp\/v2\/pages\/147700\/revisions"}],"predecessor-version":[{"id":150140,"href":"https:\/\/flexscreen.ch\/fr\/wp-json\/wp\/v2\/pages\/147700\/revisions\/150140"}],"wp:attachment":[{"href":"https:\/\/flexscreen.ch\/fr\/wp-json\/wp\/v2\/media?parent=147700"}],"curies":[{"name":"wp","href":"https:\/\/api.w.org\/{rel}","templated":true}]}}