{"id":146500,"date":"2016-03-14T11:11:14","date_gmt":"2016-03-14T11:11:14","guid":{"rendered":"https:\/\/flexscreen.ch\/centre-daide-x_classic\/"},"modified":"2025-01-21T06:58:38","modified_gmt":"2025-01-21T06:58:38","slug":"centre-daide-x_classic","status":"publish","type":"page","link":"https:\/\/flexscreen.ch\/fr\/centre-daide-x_classic\/","title":{"rendered":"Centre d&#8217;aide x_Classic"},"content":{"rendered":"<div class=\"wpb-content-wrapper\"><p>[vc_row row_height_percent=&#8221;80&#8243; override_padding=&#8221;yes&#8221; h_padding=&#8221;2&#8243; top_padding=&#8221;5&#8243; bottom_padding=&#8221;5&#8243; back_color=&#8221;color-nhtu&#8221; back_image=&#8221;11298&#8243; back_position=&#8221;center bottom&#8221; overlay_color=&#8221;color-jevc&#8221; overlay_alpha=&#8221;30&#8243; gutter_size=&#8221;100&#8243; column_width_percent=&#8221;100&#8243; shift_y=&#8221;0&#8243; z_index=&#8221;0&#8243; enable_bottom_divider=&#8221;default&#8221; bottom_divider=&#8221;gradient&#8221; shape_bottom_h_use_pixel=&#8221;true&#8221; shape_bottom_height_percent=&#8221;50&#8243; shape_bottom_color=&#8221;color-jevc&#8221; shape_bottom_opacity=&#8221;25&#8243; shape_bottom_index=&#8221;0&#8243; style=&#8221;inherited&#8221; css=&#8221;.vc_custom_1623320117858{border-top-width: 0px !important;}&#8221; el_class=&#8221;homepage-search&#8221; uncode_shortcode_id=&#8221;826022&#8243; back_color_type=&#8221;uncode-palette&#8221; overlay_color_type=&#8221;uncode-palette&#8221; shape_bottom_color_type=&#8221;uncode-palette&#8221;][vc_column column_width_use_pixel=&#8221;yes&#8221; position_vertical=&#8221;middle&#8221; align_horizontal=&#8221;align_center&#8221; gutter_size=&#8221;3&#8243; style=&#8221;dark&#8221; font_family=&#8221;font-955596&#8243; overlay_alpha=&#8221;100&#8243; shift_x=&#8221;0&#8243; shift_y=&#8221;0&#8243; shift_y_down=&#8221;0&#8243; z_index=&#8221;0&#8243; medium_width=&#8221;0&#8243; mobile_width=&#8221;0&#8243; zoom_width=&#8221;0&#8243; zoom_height=&#8221;0&#8243; width=&#8221;1\/1&#8243; column_width_pixel=&#8221;900&#8243; uncode_shortcode_id=&#8221;166361&#8243;][vc_empty_space empty_h=&#8221;3&#8243; desktop_visibility=&#8221;yes&#8221; medium_visibility=&#8221;yes&#8221;][vc_custom_heading heading_semantic=&#8221;h1&#8243; text_font=&#8221;font-955596&#8243; text_size=&#8221;fontsize-155944&#8243; text_weight=&#8221;700&#8243; text_height=&#8221;fontheight-161249&#8243; text_space=&#8221;fontspace-781688&#8243; sub_lead=&#8221;yes&#8221; sub_reduced=&#8221;yes&#8221; text_align=&#8221;text-center&#8221; uncode_shortcode_id=&#8221;140879&#8243;]La base de connaissances[\/vc_custom_heading][vc_custom_heading text_color=&#8221;color-xsdn&#8221; heading_semantic=&#8221;h5&#8243; text_font=&#8221;font-955596&#8243; text_size=&#8221;h4&#8243; text_weight=&#8221;400&#8243; sub_lead=&#8221;yes&#8221; sub_reduced=&#8221;yes&#8221; text_align=&#8221;text-center&#8221; uncode_shortcode_id=&#8221;803055&#8243; text_color_type=&#8221;uncode-palette&#8221;]Il y a des articles pour vous aider \u00e0 vous mettre en route et \u00e0 r\u00e9soudre les probl\u00e8mes.[\/vc_custom_heading][vc_row_inner limit_content=&#8221;&#8221;][vc_column_inner column_width_percent=&#8221;100&#8243; align_horizontal=&#8221;align_center&#8221; gutter_size=&#8221;3&#8243; style=&#8221;light&#8221; overlay_alpha=&#8221;50&#8243; shift_x=&#8221;0&#8243; shift_y=&#8221;0&#8243; shift_y_down=&#8221;0&#8243; z_index=&#8221;0&#8243; medium_width=&#8221;0&#8243; mobile_width=&#8221;0&#8243; width=&#8221;1\/1&#8243;][vc_wp_search live_search=&#8221;yes&#8221;][\/vc_column_inner][\/vc_row_inner][vc_empty_space empty_h=&#8221;3&#8243;][vc_empty_space empty_h=&#8221;3&#8243; desktop_visibility=&#8221;yes&#8221; medium_visibility=&#8221;yes&#8221;][\/vc_column][\/vc_row][vc_row unlock_row_content=&#8221;yes&#8221; row_height_percent=&#8221;0&#8243; override_padding=&#8221;yes&#8221; h_padding=&#8221;2&#8243; top_padding=&#8221;0&#8243; bottom_padding=&#8221;4&#8243; back_color=&#8221;color-lxmt&#8221; overlay_alpha=&#8221;50&#8243; gutter_size=&#8221;3&#8243; column_width_use_pixel=&#8221;yes&#8221; shift_y=&#8221;0&#8243; z_index=&#8221;0&#8243; top_divider=&#8221;gradient&#8221; bottom_divider=&#8221;gradient&#8221; column_width_pixel=&#8221;1400&#8243;][vc_column column_width_percent=&#8221;100&#8243; gutter_size=&#8221;3&#8243; font_family=&#8221;font-955596&#8243; overlay_alpha=&#8221;50&#8243; shift_x=&#8221;0&#8243; shift_y=&#8221;-4&#8243; shift_y_fixed=&#8221;yes&#8221; shift_y_down=&#8221;0&#8243; z_index=&#8221;0&#8243; medium_width=&#8221;0&#8243; mobile_width=&#8221;0&#8243; width=&#8221;1\/1&#8243; uncode_shortcode_id=&#8221;182612&#8243;][vc_row_inner limit_content=&#8221;&#8221;][vc_column_inner column_width_percent=&#8221;100&#8243; align_horizontal=&#8221;align_center&#8221; gutter_size=&#8221;3&#8243; override_padding=&#8221;yes&#8221; column_padding=&#8221;3&#8243; back_color=&#8221;color-xsdn&#8221; overlay_alpha=&#8221;50&#8243; shift_x=&#8221;0&#8243; shift_y=&#8221;0&#8243; shift_y_down=&#8221;0&#8243; z_index=&#8221;0&#8243; medium_width=&#8221;3&#8243; mobile_width=&#8221;0&#8243; radius=&#8221;xs&#8221; shadow=&#8221;sm&#8221; shadow_hover=&#8221;yes&#8221; shadow_hover_weight=&#8221;std&#8221; width=&#8221;1\/3&#8243;][vc_icon icon=&#8221;fa fa-adjustments&#8221; icon_color=&#8221;accent&#8221; size=&#8221;fa-3x&#8221; text_font=&#8221;font-955596&#8243; text_weight=&#8221;700&#8243; text_space=&#8221;fontspace-781688&#8243; text_reduced=&#8221;yes&#8221; title=&#8221;Options impressionnantes&#8221; link=&#8221;url:http%3A%2F%2Flocalhost%2Funcode%2F%3Fs%3Dlorem|&#8221; uncode_shortcode_id=&#8221;660723&#8243; icon_color_type=&#8221;uncode-palette&#8221;]Nous offrons une gamme de forfaits de formation dans une vari\u00e9t\u00e9 de sujets.[\/vc_icon][vc_button button_color=&#8221;accent&#8221; custom_typo=&#8221;yes&#8221; font_family=&#8221;font-955596&#8243; font_weight=&#8221;600&#8243; border_width=&#8221;0&#8243; scale_mobile=&#8221;no&#8221; button_color_type=&#8221;uncode-palette&#8221; uncode_shortcode_id=&#8221;172405&#8243;]Read more[\/vc_button][\/vc_column_inner][vc_column_inner column_width_percent=&#8221;100&#8243; align_horizontal=&#8221;align_center&#8221; gutter_size=&#8221;3&#8243; override_padding=&#8221;yes&#8221; column_padding=&#8221;3&#8243; back_color=&#8221;color-xsdn&#8221; overlay_alpha=&#8221;50&#8243; shift_x=&#8221;0&#8243; shift_y=&#8221;0&#8243; shift_y_down=&#8221;0&#8243; z_index=&#8221;0&#8243; medium_width=&#8221;3&#8243; mobile_width=&#8221;0&#8243; radius=&#8221;xs&#8221; shadow=&#8221;sm&#8221; shadow_hover=&#8221;yes&#8221; shadow_hover_weight=&#8221;std&#8221; width=&#8221;1\/3&#8243;][vc_icon icon=&#8221;fa fa-chat&#8221; icon_color=&#8221;accent&#8221; size=&#8221;fa-3x&#8221; text_font=&#8221;font-955596&#8243; text_weight=&#8221;700&#8243; text_space=&#8221;fontspace-781688&#8243; text_reduced=&#8221;yes&#8221; title=&#8221;Questions populaires&#8221; link=&#8221;url:http%3A%2F%2Flocalhost%2Funcode%2F%3Fs%3Dlorem|&#8221; uncode_shortcode_id=&#8221;205735&#8243; icon_color_type=&#8221;uncode-palette&#8221;]Nous offrons une gamme de forfaits de formation dans une vari\u00e9t\u00e9 de sujets.[\/vc_icon][vc_button button_color=&#8221;accent&#8221; custom_typo=&#8221;yes&#8221; font_family=&#8221;font-955596&#8243; font_weight=&#8221;600&#8243; border_width=&#8221;0&#8243; scale_mobile=&#8221;no&#8221; button_color_type=&#8221;uncode-palette&#8221; uncode_shortcode_id=&#8221;172405&#8243;]Read more[\/vc_button][\/vc_column_inner][vc_column_inner column_width_percent=&#8221;100&#8243; align_horizontal=&#8221;align_center&#8221; gutter_size=&#8221;3&#8243; override_padding=&#8221;yes&#8221; column_padding=&#8221;3&#8243; back_color=&#8221;color-xsdn&#8221; overlay_alpha=&#8221;50&#8243; shift_x=&#8221;0&#8243; shift_y=&#8221;0&#8243; shift_y_down=&#8221;0&#8243; z_index=&#8221;0&#8243; medium_width=&#8221;3&#8243; mobile_width=&#8221;0&#8243; radius=&#8221;xs&#8221; shadow=&#8221;sm&#8221; shadow_hover=&#8221;yes&#8221; shadow_hover_weight=&#8221;std&#8221; width=&#8221;1\/3&#8243; link_to=&#8221;|||&#8221;][vc_icon icon=&#8221;fa fa-profile-male&#8221; icon_color=&#8221;accent&#8221; size=&#8221;fa-3x&#8221; text_font=&#8221;font-955596&#8243; text_weight=&#8221;700&#8243; text_space=&#8221;fontspace-781688&#8243; text_reduced=&#8221;yes&#8221; title=&#8221;Communaut\u00e9 des utilisateurs&#8221; link=&#8221;url:http%3A%2F%2Flocalhost%2Funcode%2F%3Fs%3Dlorem|&#8221; uncode_shortcode_id=&#8221;150073&#8243; icon_color_type=&#8221;uncode-palette&#8221;]Nous offrons une gamme de forfaits de formation dans une vari\u00e9t\u00e9 de sujets.[\/vc_icon][vc_button button_color=&#8221;accent&#8221; custom_typo=&#8221;yes&#8221; font_family=&#8221;font-955596&#8243; font_weight=&#8221;600&#8243; border_width=&#8221;0&#8243; scale_mobile=&#8221;no&#8221; button_color_type=&#8221;uncode-palette&#8221; uncode_shortcode_id=&#8221;172405&#8243;]Read more[\/vc_button][\/vc_column_inner][\/vc_row_inner][\/vc_column][\/vc_row][vc_row row_height_percent=&#8221;0&#8243; override_padding=&#8221;yes&#8221; h_padding=&#8221;2&#8243; top_padding=&#8221;4&#8243; bottom_padding=&#8221;2&#8243; overlay_alpha=&#8221;50&#8243; gutter_size=&#8221;3&#8243; column_width_percent=&#8221;100&#8243; shift_y=&#8221;0&#8243; z_index=&#8221;0&#8243;][vc_column column_width_percent=&#8221;100&#8243; align_horizontal=&#8221;align_center&#8221; gutter_size=&#8221;3&#8243; overlay_alpha=&#8221;50&#8243; shift_x=&#8221;0&#8243; shift_y=&#8221;0&#8243; shift_y_down=&#8221;0&#8243; z_index=&#8221;0&#8243; medium_width=&#8221;0&#8243; mobile_width=&#8221;0&#8243; width=&#8221;1\/1&#8243;][vc_custom_heading text_font=&#8221;font-955596&#8243; text_size=&#8221;h3&#8243; text_weight=&#8221;700&#8243; text_space=&#8221;fontspace-781688&#8243; sub_lead=&#8221;yes&#8221; sub_reduced=&#8221;yes&#8221; text_align=&#8221;text-center&#8221; uncode_shortcode_id=&#8221;486073&#8243;]FAQ[\/vc_custom_heading][\/vc_column][\/vc_row][vc_row row_height_percent=&#8221;0&#8243; override_padding=&#8221;yes&#8221; h_padding=&#8221;2&#8243; top_padding=&#8221;2&#8243; bottom_padding=&#8221;4&#8243; overlay_alpha=&#8221;100&#8243; gutter_size=&#8221;4&#8243; column_width_percent=&#8221;100&#8243; shift_y=&#8221;0&#8243; z_index=&#8221;0&#8243; style=&#8221;inherited&#8221;][vc_column column_width_use_pixel=&#8221;yes&#8221; gutter_size=&#8221;3&#8243; font_family=&#8221;font-955596&#8243; overlay_alpha=&#8221;50&#8243; shift_x=&#8221;0&#8243; shift_y=&#8221;0&#8243; shift_y_down=&#8221;0&#8243; z_index=&#8221;0&#8243; medium_width=&#8221;0&#8243; mobile_width=&#8221;0&#8243; zoom_width=&#8221;0&#8243; zoom_height=&#8221;0&#8243; width=&#8221;1\/3&#8243; column_width_pixel=&#8221;800&#8243; uncode_shortcode_id=&#8221;179714&#8243;][vc_accordion typography=&#8221;yes&#8221; sign=&#8221;plus&#8221; active_tab=&#8221;0&#8243;][vc_accordion_tab title=&#8221;Mise \u00e0 jour des conditions de service&#8221; tab_id=&#8221;1538601965-1-23&#8243;][vc_column_text]Je suis un bloc de texte. Cliquez sur le bouton Modifier pour modifier ce texte. Lorem ipsum dolor sit amet, consectetur adipiscing elit. Ut elit tellus, luctus nec ullamcorper mattis, pulvinar dapibus leo.[\/vc_column_text][\/vc_accordion_tab][vc_accordion_tab title=&#8221;Partager les informations de mon compte&#8221; tab_id=&#8221;1538601965-2-9&#8243;][vc_column_text]Je suis un bloc de texte. Cliquez sur le bouton Modifier pour modifier ce texte. Lorem ipsum dolor sit amet, consectetur adipiscing elit. Ut elit tellus, luctus nec ullamcorper mattis, pulvinar dapibus leo.[\/vc_column_text][\/vc_accordion_tab][vc_accordion_tab title=&#8221;Faire un appel t\u00e9l\u00e9phonique avec l&apos;application&#8221; tab_id=&#8221;1538603901442-2-10&#8243;][vc_column_text]Je suis un bloc de texte. Cliquez sur le bouton Modifier pour modifier ce texte. Lorem ipsum dolor sit amet, consectetur adipiscing elit. Ut elit tellus, luctus nec ullamcorper mattis, pulvinar dapibus leo.[\/vc_column_text][\/vc_accordion_tab][vc_accordion_tab title=&#8221;Guide de l&apos;utilisateur : D\u00e9marrage&#8221; tab_id=&#8221;1538603913302-3-10&#8243;][vc_column_text]Je suis un bloc de texte. Cliquez sur le bouton Modifier pour modifier ce texte. Lorem ipsum dolor sit amet, consectetur adipiscing elit. Ut elit tellus, luctus nec ullamcorper mattis, pulvinar dapibus leo.[\/vc_column_text][\/vc_accordion_tab][\/vc_accordion][\/vc_column][vc_column column_width_percent=&#8221;100&#8243; gutter_size=&#8221;3&#8243; font_family=&#8221;font-955596&#8243; overlay_alpha=&#8221;50&#8243; shift_x=&#8221;0&#8243; shift_y=&#8221;0&#8243; shift_y_down=&#8221;0&#8243; z_index=&#8221;0&#8243; medium_width=&#8221;0&#8243; mobile_width=&#8221;0&#8243; width=&#8221;1\/3&#8243; uncode_shortcode_id=&#8221;166980&#8243;][vc_accordion typography=&#8221;yes&#8221; sign=&#8221;plus&#8221; active_tab=&#8221;0&#8243;][vc_accordion_tab title=&#8221;Guide de l&apos;utilisateur : D\u00e9marrage&#8221; tab_id=&#8221;1538601925-1-16&#8243;][vc_column_text]Je suis un bloc de texte. Cliquez sur le bouton Modifier pour modifier ce texte. Lorem ipsum dolor sit amet, consectetur adipiscing elit. Ut elit tellus, luctus nec ullamcorper mattis, pulvinar dapibus leo.[\/vc_column_text][\/vc_accordion_tab][vc_accordion_tab title=&#8221;Faire un appel t\u00e9l\u00e9phonique avec l&apos;application&#8221; tab_id=&#8221;1538601925-2-49&#8243;][vc_column_text]Je suis un bloc de texte. Cliquez sur le bouton Modifier pour modifier ce texte. Lorem ipsum dolor sit amet, consectetur adipiscing elit. Ut elit tellus, luctus nec ullamcorper mattis, pulvinar dapibus leo.[\/vc_column_text][\/vc_accordion_tab][vc_accordion_tab title=&#8221;Partager les informations de mon compte&#8221; tab_id=&#8221;1538601978193-2-8&#8243;][vc_column_text]Je suis un bloc de texte. Cliquez sur le bouton Modifier pour modifier ce texte. Lorem ipsum dolor sit amet, consectetur adipiscing elit. Ut elit tellus, luctus nec ullamcorper mattis, pulvinar dapibus leo.[\/vc_column_text][\/vc_accordion_tab][vc_accordion_tab title=&#8221;Mise \u00e0 jour des conditions de service&#8221; tab_id=&#8221;1538601392422-3-7&#8243;][vc_column_text]Je suis un bloc de texte. Cliquez sur le bouton Modifier pour modifier ce texte. Lorem ipsum dolor sit amet, consectetur adipiscing elit. Ut elit tellus, luctus nec ullamcorper mattis, pulvinar dapibus leo.[\/vc_column_text][\/vc_accordion_tab][\/vc_accordion][\/vc_column][vc_column column_width_percent=&#8221;100&#8243; gutter_size=&#8221;3&#8243; font_family=&#8221;font-955596&#8243; overlay_alpha=&#8221;50&#8243; shift_x=&#8221;0&#8243; shift_y=&#8221;0&#8243; shift_y_down=&#8221;0&#8243; z_index=&#8221;0&#8243; medium_width=&#8221;0&#8243; mobile_width=&#8221;0&#8243; width=&#8221;1\/3&#8243; uncode_shortcode_id=&#8221;119728&#8243;][vc_accordion typography=&#8221;yes&#8221; sign=&#8221;plus&#8221; active_tab=&#8221;0&#8243;][vc_accordion_tab title=&#8221;Guide de l&apos;utilisateur : D\u00e9marrage&#8221; tab_id=&#8221;1538301925-1-16&#8243;][vc_column_text]Je suis un bloc de texte. Cliquez sur le bouton Modifier pour modifier ce texte. Lorem ipsum dolor sit amet, consectetur adipiscing elit. Ut elit tellus, luctus nec ullamcorper mattis, pulvinar dapibus leo.[\/vc_column_text][\/vc_accordion_tab][vc_accordion_tab title=&#8221;Faire un appel t\u00e9l\u00e9phonique avec l&apos;application&#8221; tab_id=&#8221;1538603926-2-49&#8243;][vc_column_text]Je suis un bloc de texte. Cliquez sur le bouton Modifier pour modifier ce texte. Lorem ipsum dolor sit amet, consectetur adipiscing elit. Ut elit tellus, luctus nec ullamcorper mattis, pulvinar dapibus leo.[\/vc_column_text][\/vc_accordion_tab][vc_accordion_tab title=&#8221;Partager les informations de mon compte&#8221; tab_id=&#8221;1538603978194-2-8&#8243;][vc_column_text]Je suis un bloc de texte. Cliquez sur le bouton Modifier pour modifier ce texte. Lorem ipsum dolor sit amet, consectetur adipiscing elit. Ut elit tellus, luctus nec ullamcorper mattis, pulvinar dapibus leo.[\/vc_column_text][\/vc_accordion_tab][vc_accordion_tab title=&#8221;Mise \u00e0 jour des conditions de service&#8221; tab_id=&#8221;1538601993422-3-7&#8243;][vc_column_text]Je suis un bloc de texte. Cliquez sur le bouton Modifier pour modifier ce texte. Lorem ipsum dolor sit amet, consectetur adipiscing elit. Ut elit tellus, luctus nec ullamcorper mattis, pulvinar dapibus leo.[\/vc_column_text][\/vc_accordion_tab][\/vc_accordion][\/vc_column][\/vc_row][vc_row row_height_percent=&#8221;0&#8243; override_padding=&#8221;yes&#8221; h_padding=&#8221;2&#8243; top_padding=&#8221;5&#8243; bottom_padding=&#8221;5&#8243; back_color=&#8221;color-xsdn&#8221; overlay_alpha=&#8221;50&#8243; gutter_size=&#8221;3&#8243; column_width_percent=&#8221;100&#8243; shift_y=&#8221;0&#8243; z_index=&#8221;0&#8243; enable_top_divider=&#8221;default&#8221; top_divider=&#8221;gradient&#8221; shape_top_h_use_pixel=&#8221;true&#8221; shape_top_height_percent=&#8221;50&#8243; shape_top_color=&#8221;color-lxmt&#8221; shape_top_opacity=&#8221;100&#8243; shape_top_index=&#8221;0&#8243; bottom_divider=&#8221;gradient&#8221; uncode_shortcode_id=&#8221;686569&#8243; back_color_type=&#8221;uncode-palette&#8221; shape_top_color_type=&#8221;uncode-palette&#8221;][vc_column column_width_percent=&#8221;100&#8243; gutter_size=&#8221;4&#8243; overlay_alpha=&#8221;50&#8243; shift_x=&#8221;0&#8243; shift_y=&#8221;0&#8243; shift_y_down=&#8221;0&#8243; z_index=&#8221;0&#8243; medium_width=&#8221;0&#8243; mobile_width=&#8221;0&#8243; width=&#8221;1\/1&#8243; uncode_shortcode_id=&#8221;505078&#8243;][vc_row_inner row_inner_height_percent=&#8221;0&#8243; overlay_alpha=&#8221;50&#8243; gutter_size=&#8221;4&#8243; shift_y=&#8221;0&#8243; z_index=&#8221;0&#8243; limit_content=&#8221;&#8221; uncode_shortcode_id=&#8221;159952&#8243;][vc_column_inner column_width_percent=&#8221;100&#8243; gutter_size=&#8221;3&#8243; font_family=&#8221;font-955596&#8243; overlay_alpha=&#8221;50&#8243; shift_x=&#8221;0&#8243; shift_y=&#8221;0&#8243; shift_y_down=&#8221;0&#8243; z_index=&#8221;0&#8243; medium_width=&#8221;2&#8243; align_mobile=&#8221;align_center_mobile&#8221; mobile_width=&#8221;0&#8243; width=&#8221;1\/4&#8243; uncode_shortcode_id=&#8221;185064&#8243;][vc_custom_heading heading_semantic=&#8221;h5&#8243; text_font=&#8221;font-955596&#8243; text_size=&#8221;h5&#8243; text_weight=&#8221;700&#8243; text_space=&#8221;fontspace-111509&#8243; uncode_shortcode_id=&#8221;389254&#8243;]Salle d&#8217;exposition[\/vc_custom_heading][vc_column_text text_color=&#8221;color-prif&#8221; uncode_shortcode_id=&#8221;107949&#8243; text_color_type=&#8221;uncode-palette&#8221;]9876 Design Blvd,<br \/>\nSuite 543, Beverly Hills,<br \/>\nCA 90212[\/vc_column_text][\/vc_column_inner][vc_column_inner column_width_percent=&#8221;100&#8243; gutter_size=&#8221;3&#8243; font_family=&#8221;font-955596&#8243; overlay_alpha=&#8221;50&#8243; shift_x=&#8221;0&#8243; shift_y=&#8221;0&#8243; shift_y_down=&#8221;0&#8243; z_index=&#8221;0&#8243; medium_width=&#8221;2&#8243; align_mobile=&#8221;align_center_mobile&#8221; mobile_width=&#8221;0&#8243; width=&#8221;1\/4&#8243; uncode_shortcode_id=&#8221;213275&#8243;][vc_custom_heading heading_semantic=&#8221;h5&#8243; text_font=&#8221;font-955596&#8243; text_size=&#8221;h5&#8243; text_weight=&#8221;700&#8243; text_space=&#8221;fontspace-111509&#8243; uncode_shortcode_id=&#8221;152760&#8243;]Clients[\/vc_custom_heading][vc_column_text uncode_shortcode_id=&#8221;181605&#8243;]<a href=\"#\">Service client<\/a><br \/>\n<a href=\"#\">Retours et remboursements<\/a><br \/>\n<a href=\"#\">Politique de confidentialit\u00e9<\/a><br \/>\n<a href=\"#\">Conditions d&#8217;utilisation<\/a><br \/>\n<a href=\"#\">Condition de vente<\/a><br \/>\n<a href=\"#\">Garantie<\/a>[\/vc_column_text][\/vc_column_inner][vc_column_inner column_width_percent=&#8221;100&#8243; gutter_size=&#8221;3&#8243; font_family=&#8221;font-955596&#8243; overlay_alpha=&#8221;50&#8243; shift_x=&#8221;0&#8243; shift_y=&#8221;0&#8243; shift_y_down=&#8221;0&#8243; z_index=&#8221;0&#8243; medium_width=&#8221;2&#8243; align_mobile=&#8221;align_center_mobile&#8221; mobile_width=&#8221;0&#8243; width=&#8221;1\/4&#8243; uncode_shortcode_id=&#8221;106832&#8243;][vc_custom_heading heading_semantic=&#8221;h5&#8243; text_font=&#8221;font-955596&#8243; text_size=&#8221;h5&#8243; text_weight=&#8221;700&#8243; text_space=&#8221;fontspace-111509&#8243; uncode_shortcode_id=&#8221;186006&#8243;]Services[\/vc_custom_heading][vc_column_text]<a href=\"#\">Ouvrir votre compte<\/a><br \/>\n<a href=\"#\">Comment acheter<\/a><br \/>\n<a href=\"#\">Exp\u00e9dition<\/a><br \/>\n<a href=\"#\">Suivi de votre commande<\/a><br \/>\n<a href=\"#\">Localisateur de magasin<\/a>[\/vc_column_text][\/vc_column_inner][vc_column_inner column_width_percent=&#8221;100&#8243; gutter_size=&#8221;3&#8243; font_family=&#8221;font-955596&#8243; overlay_alpha=&#8221;50&#8243; shift_x=&#8221;0&#8243; shift_y=&#8221;0&#8243; shift_y_down=&#8221;0&#8243; z_index=&#8221;0&#8243; medium_width=&#8221;2&#8243; align_mobile=&#8221;align_center_mobile&#8221; mobile_width=&#8221;0&#8243; width=&#8221;1\/4&#8243; uncode_shortcode_id=&#8221;434229&#8243;][vc_custom_heading heading_semantic=&#8221;h5&#8243; text_font=&#8221;font-955596&#8243; text_size=&#8221;h5&#8243; text_weight=&#8221;700&#8243; text_space=&#8221;fontspace-111509&#8243; uncode_shortcode_id=&#8221;111749&#8243;]Bulletin d&#8217;information[\/vc_custom_heading]\n<div class=\"wpcf7 no-js\" id=\"wpcf7-f146219-o1\" lang=\"fr-FR\" dir=\"ltr\" data-wpcf7-id=\"146219\">\n<div class=\"screen-reader-response\"><p role=\"status\" aria-live=\"polite\" aria-atomic=\"true\"><\/p> <ul><\/ul><\/div>\n<form action=\"\/fr\/wp-json\/wp\/v2\/pages\/146500#wpcf7-f146219-o1\" method=\"post\" class=\"wpcf7-form init input-background\" aria-label=\"Formulaire de contact\" novalidate=\"novalidate\" data-status=\"init\">\n<fieldset class=\"hidden-fields-container\"><input type=\"hidden\" name=\"_wpcf7\" value=\"146219\" \/><input type=\"hidden\" name=\"_wpcf7_version\" value=\"6.1.5\" \/><input type=\"hidden\" name=\"_wpcf7_locale\" value=\"fr_FR\" \/><input type=\"hidden\" name=\"_wpcf7_unit_tag\" value=\"wpcf7-f146219-o1\" \/><input type=\"hidden\" name=\"_wpcf7_container_post\" value=\"0\" \/><input type=\"hidden\" name=\"_wpcf7_posted_data_hash\" value=\"\" \/>\n<\/fieldset>\n<div class=\"wpcf7-inline-wrapper wpcf7-input-group wpcf7-inset-btn\">\n\t<p class=\"wpcf7-inline-field wpcf7-inline-field-text\"><span class=\"wpcf7-form-control-wrap\" data-name=\"your-email\"><input size=\"40\" maxlength=\"400\" class=\"wpcf7-form-control wpcf7-email wpcf7-validates-as-required wpcf7-text wpcf7-validates-as-email inset-input\" aria-required=\"true\" aria-invalid=\"false\" placeholder=\"Votre e-mail\" value=\"\" type=\"email\" name=\"your-email\" \/><\/span><input class=\"wpcf7-form-control wpcf7-submit has-spinner btn-inset btn btn-color-prif btn-flat btn-inherit\" type=\"submit\" value=\"S&#039;abonner\" \/>\n\t<\/p>\n<\/div><input type='hidden' class='wpcf7-pum' value='{\"closepopup\":false,\"closedelay\":0,\"openpopup\":false,\"openpopup_id\":0}' \/><div class=\"wpcf7-response-output\" aria-hidden=\"true\"><\/div>\n<\/form>\n<\/div>\n[vc_custom_heading heading_semantic=&#8221;h5&#8243; text_font=&#8221;font-955596&#8243; text_size=&#8221;h5&#8243; text_weight=&#8221;700&#8243; text_space=&#8221;fontspace-111509&#8243; uncode_shortcode_id=&#8221;137561&#8243;]Suivez[\/vc_custom_heading][uncode_socials][\/vc_column_inner][\/vc_row_inner][\/vc_column][\/vc_row]<\/p>\n<\/div>","protected":false},"excerpt":{"rendered":"<p>[vc_row row_height_percent=&#8221;80&#8243; override_padding=&#8221;yes&#8221; h_padding=&#8221;2&#8243; top_padding=&#8221;5&#8243; bottom_padding=&#8221;5&#8243; back_color=&#8221;color-nhtu&#8221; back_image=&#8221;11298&#8243; back_position=&#8221;center bottom&#8221; overlay_color=&#8221;color-jevc&#8221; overlay_alpha=&#8221;30&#8243; gutter_size=&#8221;100&#8243; column_width_percent=&#8221;100&#8243; shift_y=&#8221;0&#8243; z_index=&#8221;0&#8243; enable_bottom_divider=&#8221;default&#8221; bottom_divider=&#8221;gradient&#8221; shape_bottom_h_use_pixel=&#8221;true&#8221; shape_bottom_height_percent=&#8221;50&#8243; [&hellip;]<\/p>\n","protected":false},"author":1,"featured_media":0,"parent":0,"menu_order":0,"comment_status":"closed","ping_status":"closed","template":"","meta":{"footnotes":""},"class_list":["post-146500","page","type-page","status-publish","hentry","page_category-classic-fr"],"_links":{"self":[{"href":"https:\/\/flexscreen.ch\/fr\/wp-json\/wp\/v2\/pages\/146500","targetHints":{"allow":["GET"]}}],"collection":[{"href":"https:\/\/flexscreen.ch\/fr\/wp-json\/wp\/v2\/pages"}],"about":[{"href":"https:\/\/flexscreen.ch\/fr\/wp-json\/wp\/v2\/types\/page"}],"author":[{"embeddable":true,"href":"https:\/\/flexscreen.ch\/fr\/wp-json\/wp\/v2\/users\/1"}],"replies":[{"embeddable":true,"href":"https:\/\/flexscreen.ch\/fr\/wp-json\/wp\/v2\/comments?post=146500"}],"version-history":[{"count":1,"href":"https:\/\/flexscreen.ch\/fr\/wp-json\/wp\/v2\/pages\/146500\/revisions"}],"predecessor-version":[{"id":146501,"href":"https:\/\/flexscreen.ch\/fr\/wp-json\/wp\/v2\/pages\/146500\/revisions\/146501"}],"wp:attachment":[{"href":"https:\/\/flexscreen.ch\/fr\/wp-json\/wp\/v2\/media?parent=146500"}],"curies":[{"name":"wp","href":"https:\/\/api.w.org\/{rel}","templated":true}]}}