{"id":146423,"date":"2024-10-19T08:31:12","date_gmt":"2024-10-19T08:31:12","guid":{"rendered":"https:\/\/flexscreen.ch\/choix-du-tissu\/"},"modified":"2025-03-13T16:04:22","modified_gmt":"2025-03-13T16:04:22","slug":"choix-du-tissu","status":"publish","type":"page","link":"https:\/\/flexscreen.ch\/fr\/choix-du-tissu\/","title":{"rendered":"Choix du tissu"},"content":{"rendered":"<div class=\"wpb-content-wrapper\"><p>[vc_row row_height_percent=&#8221;75&#8243; back_color=&#8221;color-wayh&#8221; back_image=&#8221;145171&#8243; back_position=&#8221;center bottom&#8221; parallax=&#8221;yes&#8221; overlay_color=&#8221;color-wayh&#8221; overlay_alpha=&#8221;35&#8243; gutter_size=&#8221;3&#8243; column_width_percent=&#8221;100&#8243; shift_y=&#8221;0&#8243; z_index=&#8221;0&#8243; content_parallax=&#8221;0&#8243; uncode_shortcode_id=&#8221;615368&#8243; back_color_type=&#8221;uncode-palette&#8221; overlay_color_type=&#8221;uncode-palette&#8221;][vc_column column_width_use_pixel=&#8221;yes&#8221; position_vertical=&#8221;middle&#8221; align_horizontal=&#8221;align_center&#8221; gutter_size=&#8221;2&#8243; style=&#8221;dark&#8221; overlay_alpha=&#8221;50&#8243; shift_x=&#8221;0&#8243; shift_y=&#8221;0&#8243; shift_y_down=&#8221;0&#8243; z_index=&#8221;0&#8243; medium_width=&#8221;0&#8243; mobile_width=&#8221;0&#8243; width=&#8221;1\/1&#8243; column_width_pixel=&#8221;900&#8243;][vc_custom_heading heading_semantic=&#8221;h5&#8243; text_size=&#8221;h3&#8243; text_transform=&#8221;uppercase&#8221; uncode_shortcode_id=&#8221;143206&#8243;]Choix du tissu[\/vc_custom_heading][vc_custom_heading heading_semantic=&#8221;h1&#8243; text_size=&#8221;h1&#8243; uncode_shortcode_id=&#8221;183784&#8243;]Un tissu adapt\u00e9 \u00e0 chacun[\/vc_custom_heading][vc_empty_space][\/vc_column][\/vc_row][vc_row row_height_percent=&#8221;0&#8243; override_padding=&#8221;yes&#8221; h_padding=&#8221;2&#8243; top_padding=&#8221;3&#8243; bottom_padding=&#8221;2&#8243; overlay_alpha=&#8221;50&#8243; gutter_size=&#8221;3&#8243; column_width_percent=&#8221;100&#8243; shift_y=&#8221;0&#8243; z_index=&#8221;0&#8243; content_parallax=&#8221;0&#8243; uncode_shortcode_id=&#8221;188625&#8243;][vc_column width=&#8221;1\/4&#8243;][\/vc_column][vc_column column_width_percent=&#8221;100&#8243; align_horizontal=&#8221;align_center&#8221; gutter_size=&#8221;3&#8243; overlay_alpha=&#8221;50&#8243; shift_x=&#8221;0&#8243; shift_y=&#8221;0&#8243; shift_y_down=&#8221;0&#8243; z_index=&#8221;0&#8243; medium_width=&#8221;0&#8243; mobile_width=&#8221;0&#8243; parallax_intensity=&#8221;2&#8243; width=&#8221;1\/2&#8243; uncode_shortcode_id=&#8221;187372&#8243;][vc_custom_heading uncode_shortcode_id=&#8221;209322&#8243;]D\u00e9couvrez le tissu parfait pour votre FlexScreen[\/vc_custom_heading][vc_column_text uncode_shortcode_id=&#8221;493741&#8243;]FlexScreen propose une grande vari\u00e9t\u00e9 de types de tissus pour les applications les plus diverses. Chaque type de tissu est fabriqu\u00e9 \u00e0 partir de mat\u00e9riaux de haute qualit\u00e9 afin de garantir une qualit\u00e9 et une durabilit\u00e9 maximales. Nos tissus sont con\u00e7us pour offrir une grande transmission de la lumi\u00e8re et de l&#8217;air tout en prot\u00e9geant efficacement contre tous les types d&#8217;insectes.[\/vc_column_text][\/vc_column][vc_column width=&#8221;1\/4&#8243;][\/vc_column][\/vc_row][vc_row row_height_percent=&#8221;0&#8243; override_padding=&#8221;yes&#8221; h_padding=&#8221;2&#8243; top_padding=&#8221;2&#8243; bottom_padding=&#8221;3&#8243; overlay_alpha=&#8221;50&#8243; gutter_size=&#8221;3&#8243; column_width_percent=&#8221;100&#8243; shift_y=&#8221;0&#8243; z_index=&#8221;0&#8243; content_parallax=&#8221;0&#8243; uncode_shortcode_id=&#8221;597411&#8243;][vc_column column_width_percent=&#8221;100&#8243; align_horizontal=&#8221;align_center&#8221; gutter_size=&#8221;3&#8243; overlay_alpha=&#8221;50&#8243; shift_x=&#8221;0&#8243; shift_y=&#8221;0&#8243; shift_y_down=&#8221;0&#8243; z_index=&#8221;0&#8243; medium_width=&#8221;0&#8243; mobile_width=&#8221;0&#8243; parallax_intensity=&#8221;2&#8243; width=&#8221;1\/1&#8243; uncode_shortcode_id=&#8221;100372&#8243;][vc_row_inner limit_content=&#8221;&#8221;][vc_column_inner column_width_percent=&#8221;100&#8243; gutter_size=&#8221;3&#8243; overlay_alpha=&#8221;50&#8243; shift_x=&#8221;0&#8243; shift_y=&#8221;0&#8243; shift_y_down=&#8221;0&#8243; z_index=&#8221;0&#8243; medium_width=&#8221;0&#8243; mobile_width=&#8221;0&#8243; css_animation=&#8221;bottom-t-top&#8221; width=&#8221;1\/3&#8243; uncode_shortcode_id=&#8221;250501&#8243;][vc_icon icon_image=&#8221;145404&#8243; media_size=&#8221;300&#8243; text_reduced=&#8221;yes&#8221; title=&#8221;Tissu en fibre de verre standard anthracite&#8221; uncode_shortcode_id=&#8221;268548&#8243;]La toile en fibre de verre Standard est parfaitement adapt\u00e9e \u00e0 un usage g\u00e9n\u00e9ral et offre une excellente protection contre les insectes tout en permettant une circulation maximale de l&#8217;air et une excellente visibilit\u00e9. C&#8217;est le choix id\u00e9al pour une utilisation quotidienne \u00e0 la maison et au bureau. <\/p>\n<ul>\n<li>excellente visibilit\u00e9<\/li>\n<li>excellente circulation de l&#8217;air<\/li>\n<li>18&#215;16.011<\/li>\n<\/ul>\n<p>[\/vc_icon][\/vc_column_inner][vc_column_inner column_width_percent=&#8221;100&#8243; gutter_size=&#8221;3&#8243; overlay_alpha=&#8221;50&#8243; shift_x=&#8221;0&#8243; shift_y=&#8221;0&#8243; shift_y_down=&#8221;0&#8243; z_index=&#8221;0&#8243; medium_width=&#8221;0&#8243; mobile_width=&#8221;0&#8243; css_animation=&#8221;bottom-t-top&#8221; animation_delay=&#8221;200&#8243; width=&#8221;1\/3&#8243; uncode_shortcode_id=&#8221;360377&#8243;][vc_icon icon_image=&#8221;145403&#8243; media_size=&#8221;300&#8243; text_reduced=&#8221;yes&#8221; title=&#8221;Tissu en fibre de verre standard gris&#8221; uncode_shortcode_id=&#8221;399736&#8243;]Contrairement \u00e0 la toile en fibre de verre standard en anthracite, la variante grise offre un peu plus de protection visuelle. Cela peut aider \u00e0 r\u00e9duire les regards ind\u00e9sirables \u00e0 travers la fen\u00eatre. C&#8217;est le choix id\u00e9al pour une utilisation quotidienne \u00e0 la maison ou au bureau.  <\/p>\n<ul>\n<li>bonne visibilit\u00e9<\/li>\n<li>excellente circulation de l&#8217;air<\/li>\n<li>18&#215;16.011<\/li>\n<\/ul>\n<p>[\/vc_icon][\/vc_column_inner][vc_column_inner column_width_percent=&#8221;100&#8243; gutter_size=&#8221;3&#8243; overlay_alpha=&#8221;50&#8243; shift_x=&#8221;0&#8243; shift_y=&#8221;0&#8243; shift_y_down=&#8221;0&#8243; z_index=&#8221;0&#8243; medium_width=&#8221;0&#8243; mobile_width=&#8221;0&#8243; css_animation=&#8221;bottom-t-top&#8221; animation_delay=&#8221;400&#8243; width=&#8221;1\/3&#8243; uncode_shortcode_id=&#8221;163781&#8243;][vc_icon icon_image=&#8221;145405&#8243; media_size=&#8221;300&#8243; text_reduced=&#8221;yes&#8221; title=&#8221;Tissu Vision Perfect&#8221; uncode_shortcode_id=&#8221;255140&#8243;]La toile en fibre de verre Vision Perfect\u00ae offre une transmission de la lumi\u00e8re et de l&#8217;air encore meilleure que la toile standard. Elle convient parfaitement aux fen\u00eatres pour lesquelles vous souhaitez avoir une vue particuli\u00e8rement claire vers l&#8217;ext\u00e9rieur sans faire de compromis sur la protection contre les insectes. <\/p>\n<ul>\n<li>une perm\u00e9abilit\u00e9 accrue \u00e0 la lumi\u00e8re et \u00e0 l&#8217;air<\/li>\n<li>vue d\u00e9gag\u00e9e sur l&#8217;ext\u00e9rieur<\/li>\n<li>18&#215;18.009<\/li>\n<\/ul>\n<p>[\/vc_icon][\/vc_column_inner][\/vc_row_inner][vc_row_inner limit_content=&#8221;&#8221;][vc_column_inner column_width_percent=&#8221;100&#8243; gutter_size=&#8221;3&#8243; overlay_alpha=&#8221;50&#8243; shift_x=&#8221;0&#8243; shift_y=&#8221;0&#8243; shift_y_down=&#8221;0&#8243; z_index=&#8221;0&#8243; medium_width=&#8221;0&#8243; mobile_width=&#8221;0&#8243; css_animation=&#8221;bottom-t-top&#8221; width=&#8221;1\/3&#8243; uncode_shortcode_id=&#8221;250501&#8243;][vc_icon icon_image=&#8221;145400&#8243; media_size=&#8221;300&#8243; text_reduced=&#8221;yes&#8221; title=&#8221;Tissu fin&#8221; uncode_shortcode_id=&#8221;571492&#8243;]Tissu fin en fibre de verre pour la protection contre les phl\u00e9botomes, les mouches noires et d&#8217;autres types de petits insectes. Le tissu \u00e0 mailles fines offre une protection efficace et durable tout en conservant un degr\u00e9 raisonnable de perm\u00e9abilit\u00e9 \u00e0 la lumi\u00e8re et \u00e0 l&#8217;air. <\/p>\n<ul>\n<li>Protection contre les petits insectes<\/li>\n<li>Perm\u00e9abilit\u00e9 \u00e0 la lumi\u00e8re et \u00e0 l&#8217;air<\/li>\n<li>20&#215;20.013<\/li>\n<\/ul>\n<p>[\/vc_icon][\/vc_column_inner][vc_column_inner column_width_percent=&#8221;100&#8243; gutter_size=&#8221;3&#8243; overlay_alpha=&#8221;50&#8243; shift_x=&#8221;0&#8243; shift_y=&#8221;0&#8243; shift_y_down=&#8221;0&#8243; z_index=&#8221;0&#8243; medium_width=&#8221;0&#8243; mobile_width=&#8221;0&#8243; css_animation=&#8221;bottom-t-top&#8221; animation_delay=&#8221;200&#8243; width=&#8221;1\/3&#8243; uncode_shortcode_id=&#8221;360377&#8243;][vc_icon icon_image=&#8221;145401&#8243; media_size=&#8221;300&#8243; text_reduced=&#8221;yes&#8221; title=&#8221;Tissus pour animaux domestiques&#8221; uncode_shortcode_id=&#8221;104212&#8243;]Le tissu en polyester pour animaux domestiques est ultra-r\u00e9sistant et prot\u00e8ge contre les dommages caus\u00e9s par les griffes des chats et des chiens. Il est fabriqu\u00e9 \u00e0 partir de mat\u00e9riaux plus solides, r\u00e9sistant aux d\u00e9chirures et aux griffes, et convient donc parfaitement aux foyers avec animaux domestiques. <\/p>\n<ul>\n<li>r\u00e9sistant \u00e0 la d\u00e9chirure<\/li>\n<li>r\u00e9sistant aux griffes des animaux<\/li>\n<li>14&#215;10.025<\/li>\n<\/ul>\n<p>[\/vc_icon][\/vc_column_inner][vc_column_inner column_width_percent=&#8221;100&#8243; gutter_size=&#8221;3&#8243; overlay_alpha=&#8221;50&#8243; shift_x=&#8221;0&#8243; shift_y=&#8221;0&#8243; shift_y_down=&#8221;0&#8243; z_index=&#8221;0&#8243; medium_width=&#8221;0&#8243; mobile_width=&#8221;0&#8243; css_animation=&#8221;bottom-t-top&#8221; animation_delay=&#8221;400&#8243; width=&#8221;1\/3&#8243; uncode_shortcode_id=&#8221;163781&#8243;][vc_icon icon_image=&#8221;145402&#8243; media_size=&#8221;300&#8243; text_reduced=&#8221;yes&#8221; title=&#8221;Tissu de protection solaire&#8221; uncode_shortcode_id=&#8221;115638&#8243;]Le tissu de protection solaire en fibre de verre r\u00e9duit la chaleur et l&#8217;\u00e9blouissement caus\u00e9s par le soleil tout en offrant une excellente protection contre les insectes. Il contribue \u00e0 garder votre maison ou votre bureau plus frais en \u00e9t\u00e9. <\/p>\n<ul>\n<li>r\u00e9duit la chaleur et l&#8217;\u00e9blouissement<\/li>\n<li>am\u00e9liore l&#8217;efficacit\u00e9 \u00e9nerg\u00e9tique<\/li>\n<li>54&#215;18.013<\/li>\n<\/ul>\n<p>[\/vc_icon][\/vc_column_inner][\/vc_row_inner][\/vc_column][\/vc_row][vc_row][vc_column width=&#8221;1\/1&#8243;][uncode_block id=&#8221;145141&#8243;][\/vc_column][\/vc_row][vc_row][vc_column width=&#8221;1\/1&#8243;][uncode_block id=&#8221;145272&#8243;][\/vc_column][\/vc_row]<\/p>\n<\/div>","protected":false},"excerpt":{"rendered":"<p>[vc_row row_height_percent=&#8221;75&#8243; back_color=&#8221;color-wayh&#8221; back_image=&#8221;145171&#8243; back_position=&#8221;center bottom&#8221; parallax=&#8221;yes&#8221; overlay_color=&#8221;color-wayh&#8221; overlay_alpha=&#8221;35&#8243; gutter_size=&#8221;3&#8243; column_width_percent=&#8221;100&#8243; shift_y=&#8221;0&#8243; z_index=&#8221;0&#8243; content_parallax=&#8221;0&#8243; uncode_shortcode_id=&#8221;615368&#8243; back_color_type=&#8221;uncode-palette&#8221; overlay_color_type=&#8221;uncode-palette&#8221;][vc_column column_width_use_pixel=&#8221;yes&#8221; position_vertical=&#8221;middle&#8221; align_horizontal=&#8221;align_center&#8221; [&hellip;]<\/p>\n","protected":false},"author":1,"featured_media":0,"parent":0,"menu_order":0,"comment_status":"closed","ping_status":"closed","template":"","meta":{"footnotes":""},"class_list":["post-146423","page","type-page","status-publish","hentry"],"_links":{"self":[{"href":"https:\/\/flexscreen.ch\/fr\/wp-json\/wp\/v2\/pages\/146423","targetHints":{"allow":["GET"]}}],"collection":[{"href":"https:\/\/flexscreen.ch\/fr\/wp-json\/wp\/v2\/pages"}],"about":[{"href":"https:\/\/flexscreen.ch\/fr\/wp-json\/wp\/v2\/types\/page"}],"author":[{"embeddable":true,"href":"https:\/\/flexscreen.ch\/fr\/wp-json\/wp\/v2\/users\/1"}],"replies":[{"embeddable":true,"href":"https:\/\/flexscreen.ch\/fr\/wp-json\/wp\/v2\/comments?post=146423"}],"version-history":[{"count":2,"href":"https:\/\/flexscreen.ch\/fr\/wp-json\/wp\/v2\/pages\/146423\/revisions"}],"predecessor-version":[{"id":147459,"href":"https:\/\/flexscreen.ch\/fr\/wp-json\/wp\/v2\/pages\/146423\/revisions\/147459"}],"wp:attachment":[{"href":"https:\/\/flexscreen.ch\/fr\/wp-json\/wp\/v2\/media?parent=146423"}],"curies":[{"name":"wp","href":"https:\/\/api.w.org\/{rel}","templated":true}]}}