{"id":146408,"date":"2024-12-18T17:27:50","date_gmt":"2024-12-18T17:27:50","guid":{"rendered":"https:\/\/flexscreen.ch\/mentions-legales\/"},"modified":"2025-03-21T14:21:09","modified_gmt":"2025-03-21T14:21:09","slug":"mentions-legales","status":"publish","type":"page","link":"https:\/\/flexscreen.ch\/fr\/mentions-legales\/","title":{"rendered":"Mentions l\u00e9gales"},"content":{"rendered":"<div class=\"wpb-content-wrapper\"><p>[vc_row row_height_percent=&#8221;75&#8243; back_color=&#8221;color-wayh&#8221; back_image=&#8221;145190&#8243; back_position=&#8221;center bottom&#8221; parallax=&#8221;yes&#8221; overlay_color=&#8221;color-wayh&#8221; overlay_alpha=&#8221;35&#8243; gutter_size=&#8221;3&#8243; column_width_percent=&#8221;100&#8243; shift_y=&#8221;0&#8243; z_index=&#8221;0&#8243; content_parallax=&#8221;0&#8243; uncode_shortcode_id=&#8221;678802&#8243; back_color_type=&#8221;uncode-palette&#8221; overlay_color_type=&#8221;uncode-palette&#8221;][vc_column column_width_use_pixel=&#8221;yes&#8221; position_vertical=&#8221;middle&#8221; align_horizontal=&#8221;align_center&#8221; gutter_size=&#8221;2&#8243; style=&#8221;dark&#8221; overlay_alpha=&#8221;50&#8243; shift_x=&#8221;0&#8243; shift_y=&#8221;0&#8243; shift_y_down=&#8221;0&#8243; z_index=&#8221;0&#8243; medium_width=&#8221;0&#8243; mobile_width=&#8221;0&#8243; width=&#8221;1\/1&#8243; column_width_pixel=&#8221;900&#8243;][vc_custom_heading heading_semantic=&#8221;h5&#8243; text_size=&#8221;h3&#8243; text_transform=&#8221;uppercase&#8221; uncode_shortcode_id=&#8221;183927&#8243;][\/vc_custom_heading][vc_custom_heading heading_semantic=&#8221;h1&#8243; text_size=&#8221;h1&#8243; uncode_shortcode_id=&#8221;138333&#8243;]Mentions l\u00e9gales[\/vc_custom_heading][vc_empty_space][\/vc_column][\/vc_row][vc_row row_height_percent=&#8221;0&#8243; override_padding=&#8221;yes&#8221; h_padding=&#8221;2&#8243; top_padding=&#8221;4&#8243; bottom_padding=&#8221;2&#8243; overlay_alpha=&#8221;50&#8243; gutter_size=&#8221;3&#8243; column_width_percent=&#8221;100&#8243; shift_y=&#8221;0&#8243; z_index=&#8221;0&#8243; content_parallax=&#8221;0&#8243; uncode_shortcode_id=&#8221;144610&#8243;][vc_column column_width_percent=&#8221;100&#8243; align_horizontal=&#8221;align_center&#8221; gutter_size=&#8221;3&#8243; overlay_alpha=&#8221;50&#8243; shift_x=&#8221;0&#8243; shift_y=&#8221;0&#8243; shift_y_down=&#8221;0&#8243; z_index=&#8221;0&#8243; medium_width=&#8221;0&#8243; mobile_width=&#8221;0&#8243; parallax_intensity=&#8221;2&#8243; width=&#8221;1\/1&#8243; uncode_shortcode_id=&#8221;403933&#8243;][vc_row_inner][vc_column_inner width=&#8221;1\/4&#8243;][\/vc_column_inner][vc_column_inner column_width_percent=&#8221;100&#8243; align_horizontal=&#8221;align_center&#8221; gutter_size=&#8221;3&#8243; overlay_alpha=&#8221;50&#8243; shift_x=&#8221;0&#8243; shift_y=&#8221;0&#8243; shift_y_down=&#8221;0&#8243; z_index=&#8221;0&#8243; medium_width=&#8221;0&#8243; mobile_width=&#8221;0&#8243; width=&#8221;1\/2&#8243; uncode_shortcode_id=&#8221;664813&#8243;][vc_custom_heading uncode_shortcode_id=&#8221;123433&#8243;]Op\u00e9rateur du site[\/vc_custom_heading][vc_column_text uncode_shortcode_id=&#8221;693716&#8243;]K4 Montagetechnik GmbH<br \/>Industriestrasse 18<br \/>6252 Dagmersellen<\/p>\n<p> info@flexscreen.ch<br \/>+41 62 748 25 04[\/vc_column_text][vc_column_text uncode_shortcode_id=&#8221;184314&#8243;]<strong>Directeur g\u00e9n\u00e9ral<\/strong><\/p>\n<p> Stefan Frei[\/vc_column_text][vc_column_text uncode_shortcode_id=&#8221;100854&#8243;]<strong>Handelsregister-Nr.<\/strong><\/p>\n<p> CH-100.4.027.370-2[\/vc_column_text][vc_column_text uncode_shortcode_id=&#8221;208099&#8243;]<strong>Droits d&#8217;auteur<\/strong><\/p>\n<p>Les images et vid\u00e9os affich\u00e9es sur ce site sont soumises au droit d&#8217;auteur et ne peuvent \u00eatre copi\u00e9es ou utilis\u00e9es \u00e0 d&#8217;autres fins sans autorisation !<\/p>\n<p><strong>Responsabilit\u00e9 du contenu<\/strong><\/p>\n<p>Le contenu de nos pages a \u00e9t\u00e9 \u00e9labor\u00e9 avec le plus grand soin. Nous ne pouvons toutefois pas garantir l&#8217;exactitude, l&#8217;exhaustivit\u00e9 et l&#8217;actualit\u00e9 des contenus. <\/p>\n<p><strong>Responsabilit\u00e9 des liens<\/strong><\/p>\n<p>Ces pages contiennent des liens vers des sites web externes de tiers sur lesquels nous n&#8217;avons aucune influence. Nous ne pouvons donc pas nous porter garants de ces contenus externes. Le fournisseur ou l&#8217;exploitant des pages li\u00e9es est toujours responsable du contenu de ces pages. Les pages li\u00e9es ont \u00e9t\u00e9 v\u00e9rifi\u00e9es au moment de la cr\u00e9ation du lien afin de s&#8217;assurer qu&#8217;elles n&#8217;enfreignaient pas la loi. Aucun contenu ill\u00e9gal n&#8217;a \u00e9t\u00e9 identifi\u00e9 au moment de la cr\u00e9ation du lien. Un contr\u00f4le permanent du contenu des pages li\u00e9es n&#8217;est cependant pas exigible sans indices concrets d&#8217;une violation de la loi. Si nous prenons connaissance de violations de la loi, nous supprimerons imm\u00e9diatement les liens concern\u00e9s.[\/vc_column_text][\/vc_column_inner][vc_column_inner width=&#8221;1\/4&#8243;][\/vc_column_inner][\/vc_row_inner][\/vc_column][\/vc_row]<\/p>\n<\/div>","protected":false},"excerpt":{"rendered":"<p>Si vous souhaitez discuter de votre travail avec nous, en savoir plus sur la gamme de services que nous avons \u00e0 offrir, ou simplement avoir une discussion, n&#8217;h\u00e9sitez pas \u00e0 nous contacter.<\/p>\n","protected":false},"author":1,"featured_media":0,"parent":0,"menu_order":0,"comment_status":"open","ping_status":"closed","template":"","meta":{"footnotes":""},"class_list":["post-146408","page","type-page","status-publish","hentry"],"_links":{"self":[{"href":"https:\/\/flexscreen.ch\/fr\/wp-json\/wp\/v2\/pages\/146408","targetHints":{"allow":["GET"]}}],"collection":[{"href":"https:\/\/flexscreen.ch\/fr\/wp-json\/wp\/v2\/pages"}],"about":[{"href":"https:\/\/flexscreen.ch\/fr\/wp-json\/wp\/v2\/types\/page"}],"author":[{"embeddable":true,"href":"https:\/\/flexscreen.ch\/fr\/wp-json\/wp\/v2\/users\/1"}],"replies":[{"embeddable":true,"href":"https:\/\/flexscreen.ch\/fr\/wp-json\/wp\/v2\/comments?post=146408"}],"version-history":[{"count":18,"href":"https:\/\/flexscreen.ch\/fr\/wp-json\/wp\/v2\/pages\/146408\/revisions"}],"predecessor-version":[{"id":148410,"href":"https:\/\/flexscreen.ch\/fr\/wp-json\/wp\/v2\/pages\/146408\/revisions\/148410"}],"wp:attachment":[{"href":"https:\/\/flexscreen.ch\/fr\/wp-json\/wp\/v2\/media?parent=146408"}],"curies":[{"name":"wp","href":"https:\/\/api.w.org\/{rel}","templated":true}]}}