{"id":146394,"date":"2024-12-18T17:47:49","date_gmt":"2024-12-18T17:47:49","guid":{"rendered":"https:\/\/flexscreen.ch\/protection-des-donnees\/"},"modified":"2025-03-11T06:04:49","modified_gmt":"2025-03-11T06:04:49","slug":"protection-des-donnees","status":"publish","type":"page","link":"https:\/\/flexscreen.ch\/fr\/protection-des-donnees\/","title":{"rendered":"Protection des donn\u00e9es"},"content":{"rendered":"<div class=\"wpb-content-wrapper\"><p>[vc_row row_height_percent=&#8221;75&#8243; back_color=&#8221;color-wayh&#8221; back_image=&#8221;145190&#8243; back_position=&#8221;center bottom&#8221; parallax=&#8221;yes&#8221; overlay_color=&#8221;color-wayh&#8221; overlay_alpha=&#8221;35&#8243; gutter_size=&#8221;3&#8243; column_width_percent=&#8221;100&#8243; shift_y=&#8221;0&#8243; z_index=&#8221;0&#8243; content_parallax=&#8221;0&#8243; uncode_shortcode_id=&#8221;678802&#8243; back_color_type=&#8221;uncode-palette&#8221; overlay_color_type=&#8221;uncode-palette&#8221;][vc_column column_width_use_pixel=&#8221;yes&#8221; position_vertical=&#8221;middle&#8221; align_horizontal=&#8221;align_center&#8221; gutter_size=&#8221;2&#8243; style=&#8221;dark&#8221; overlay_alpha=&#8221;50&#8243; shift_x=&#8221;0&#8243; shift_y=&#8221;0&#8243; shift_y_down=&#8221;0&#8243; z_index=&#8221;0&#8243; medium_width=&#8221;0&#8243; mobile_width=&#8221;0&#8243; width=&#8221;1\/1&#8243; column_width_pixel=&#8221;900&#8243;][vc_custom_heading heading_semantic=&#8221;h5&#8243; text_size=&#8221;h3&#8243; text_transform=&#8221;uppercase&#8221; uncode_shortcode_id=&#8221;183927&#8243;][\/vc_custom_heading][vc_custom_heading heading_semantic=&#8221;h1&#8243; text_size=&#8221;h1&#8243; uncode_shortcode_id=&#8221;854984&#8243;]Protection des donn\u00e9es[\/vc_custom_heading][vc_empty_space][\/vc_column][\/vc_row][vc_row row_height_percent=&#8221;0&#8243; override_padding=&#8221;yes&#8221; h_padding=&#8221;2&#8243; top_padding=&#8221;4&#8243; bottom_padding=&#8221;2&#8243; overlay_alpha=&#8221;50&#8243; gutter_size=&#8221;3&#8243; column_width_percent=&#8221;100&#8243; shift_y=&#8221;0&#8243; z_index=&#8221;0&#8243; content_parallax=&#8221;0&#8243; uncode_shortcode_id=&#8221;144610&#8243;][vc_column column_width_percent=&#8221;100&#8243; align_horizontal=&#8221;align_center&#8221; gutter_size=&#8221;3&#8243; overlay_alpha=&#8221;50&#8243; shift_x=&#8221;0&#8243; shift_y=&#8221;0&#8243; shift_y_down=&#8221;0&#8243; z_index=&#8221;0&#8243; medium_width=&#8221;0&#8243; mobile_width=&#8221;0&#8243; parallax_intensity=&#8221;2&#8243; width=&#8221;1\/1&#8243; uncode_shortcode_id=&#8221;403933&#8243;][vc_row_inner][vc_column_inner width=&#8221;1\/4&#8243;][\/vc_column_inner][vc_column_inner column_width_percent=&#8221;100&#8243; align_horizontal=&#8221;align_center&#8221; gutter_size=&#8221;3&#8243; overlay_alpha=&#8221;50&#8243; shift_x=&#8221;0&#8243; shift_y=&#8221;0&#8243; shift_y_down=&#8221;0&#8243; z_index=&#8221;0&#8243; medium_width=&#8221;0&#8243; mobile_width=&#8221;0&#8243; width=&#8221;1\/2&#8243; uncode_shortcode_id=&#8221;664813&#8243;][vc_custom_heading uncode_shortcode_id=&#8221;123433&#8243;]Op\u00e9rateur du site[\/vc_custom_heading][vc_column_text uncode_shortcode_id=&#8221;355038&#8243;]<strong>Limitation de responsabilit\u00e9 pour le contenu propre<\/strong><\/p>\n<p>Tous les contenus de notre site Internet ont \u00e9t\u00e9 \u00e9labor\u00e9s avec soin et en toute bonne foi. Nous ne pouvons toutefois pas garantir l&#8217;actualit\u00e9, l&#8217;exhaustivit\u00e9 et l&#8217;exactitude de toutes les pages. En tant que prestataire de services, Flexscreen est responsable de son propre contenu sur ces pages conform\u00e9ment \u00e0 la l\u00e9gislation g\u00e9n\u00e9rale, mais n&#8217;est pas tenu de surveiller les informations externes transmises ou stock\u00e9es. Une suppression imm\u00e9diate de ces contenus a lieu d\u00e8s la prise de connaissance d&#8217;une violation concr\u00e8te de la loi et nous ne sommes pas responsables avant la prise de connaissance.   <\/p>\n<p><strong>Limitation de responsabilit\u00e9 pour les liens externes<\/strong><\/p>\n<p>Notre site web contient des &#8220;liens externes&#8221; (liens vers des sites web de tiers), sur le contenu desquels nous n&#8217;avons aucune influence et pour lesquels nous n&#8217;assumons donc aucune responsabilit\u00e9. Le fournisseur d&#8217;informations du site Internet li\u00e9 est responsable du contenu et de l&#8217;exactitude des informations. Lors de la cr\u00e9ation du lien, nous n&#8217;avons pas constat\u00e9 d&#8217;infraction \u00e0 la loi. Si nous prenons connaissance d&#8217;une violation de la loi, nous supprimerons imm\u00e9diatement le lien concern\u00e9.   <\/p>\n<p><strong>Droit d&#8217;auteur<\/strong><\/p>\n<p>Les contenus et \u0153uvres publi\u00e9s sur ce site Internet sont soumis au droit d&#8217;auteur suisse. Toute forme de reproduction, d&#8217;adaptation, de diffusion ou d&#8217;exploitation en dehors des limites du droit d&#8217;auteur requiert l&#8217;accord \u00e9crit pr\u00e9alable de l&#8217;auteur concern\u00e9. <\/p>\n<p><strong>D\u00e9claration de confidentialit\u00e9<\/strong><\/p>\n<p>Vous trouverez nos coordonn\u00e9es dans les mentions l\u00e9gales. Si vous avez des questions sur notre politique de confidentialit\u00e9, veuillez nous contacter \u00e0 l&#8217;adresse info@Flexscreen.ch. <\/p>\n<p><strong>G\u00e9n\u00e9ralit\u00e9s sur la protection des donn\u00e9es<\/strong><\/p>\n<p>En utilisant ce site Web, vous acceptez les conditions suivantes.<br \/>\nLa d\u00e9claration de confidentialit\u00e9 s&#8217;applique \u00e0 tous les sites Web de Flexscreen, en particulier (www.)Flexscreen.ch. Nous ne garantissons pas le respect des dispositions relatives \u00e0 la protection des donn\u00e9es pour les sites Internet \u00e9trangers \u00e0 Flexscreen vers lesquels il existe un lien \u00e0 partir du site Internet de Flexscreen.<br \/>\nNous souhaitons vous donner ci-apr\u00e8s un aper\u00e7u des endroits o\u00f9 les donn\u00e9es sont collect\u00e9es et de la mani\u00e8re dont elles sont trait\u00e9es. <\/p>\n<p><strong>Collecte, finalit\u00e9, conservation et suppression des donn\u00e9es \u00e0 caract\u00e8re personnel<\/strong><\/p>\n<p>Donn\u00e9es personnelles et leur collecte<\/p>\n<p>Dans le cadre de nos activit\u00e9s, des donn\u00e9es sont collect\u00e9es et enregistr\u00e9es \u00e0 diff\u00e9rents endroits, par le biais de diff\u00e9rents programmes et services. C&#8217;est le cas, par exemple, lorsque vous utilisez le formulaire de contact ou lorsque Google Analytics enregistre votre adresse IP afin de nous fournir une vue d&#8217;ensemble de votre comportement sur le site. Nous allons maintenant aborder plus en d\u00e9tail les diff\u00e9rents &#8220;collecteurs de donn\u00e9es&#8221;.<br \/>\nBien s\u00fbr, nous traitons toutes nos donn\u00e9es avec soin, mais en ce qui concerne le RGPD, les donn\u00e9es personnelles sont particuli\u00e8rement importantes, notamment le nom, l&#8217;adresse, le num\u00e9ro de t\u00e9l\u00e9phone, etc. mais aussi votre adresse IP et, le cas \u00e9ch\u00e9ant, votre nom d&#8217;utilisateur. En d&#8217;autres termes, tout ce qui permet \u00e0 quelqu&#8217;un de vous identifier en tant que personne.<br \/>\nEn revanche, les donn\u00e9es qui font r\u00e9f\u00e9rence \u00e0 une entreprise ou \u00e0 une organisation ne sont pas incluses.<br \/>\nLorsque vous transmettez des informations sur notre site web, par exemple via le formulaire de contact ou la fonction de commentaire, etc : N&#8217;\u00e9crivez pas de donn\u00e9es sensibles dans la fonction de commentaire, ne nous communiquez pas de donn\u00e9es critiques via le formulaire de contact.    <\/p>\n<p>Finalit\u00e9 du traitement des donn\u00e9es<\/p>\n<p>Le traitement des donn\u00e9es a diff\u00e9rentes finalit\u00e9s, qui sont \u00e9galement d\u00e9taill\u00e9es ci-dessous. En principe, nous utilisons les donn\u00e9es dans le cadre du contact avec le client et de l&#8217;ex\u00e9cution de la commande. La mise \u00e0 disposition de notre offre et de nos services en ligne ainsi que l&#8217;am\u00e9lioration de ceux-ci. Nous utilisons \u00e9galement les donn\u00e9es dans le cadre de nos activit\u00e9s de marketing.   <\/p>\n<p>Traitement des donn\u00e9es par des tiers<\/p>\n<p>Pour certains processus de traitement des donn\u00e9es qui soutiennent les objectifs d\u00e9j\u00e0 mentionn\u00e9s, nous avons recours aux services de tiers s\u00e9lectionn\u00e9s (personnes ou entreprises). Les diff\u00e9rentes instances sont abord\u00e9es individuellement ci-apr\u00e8s.<br \/>\nIl peut arriver que celles-ci soient situ\u00e9es dans des pays en dehors de la Suisse ou m\u00eame de l&#8217;UE. Nous veillons toutefois \u00e0 ce que les prescriptions en mati\u00e8re de protection des donn\u00e9es soient respect\u00e9es.<br \/>\nExceptionnellement, des donn\u00e9es peuvent \u00eatre transmises \u00e0 des tiers, dans la mesure o\u00f9 cela est n\u00e9cessaire pour la poursuite de nos pr\u00e9tentions ou s&#8217;il existe une obligation l\u00e9gale.  <\/p>\n<p>Suppression et r\u00e9vocation<\/p>\n<p>Les donn\u00e9es collect\u00e9es sont soit supprim\u00e9es dans un but pr\u00e9cis, soit conserv\u00e9es jusqu&#8217;\u00e0 leur r\u00e9vocation, sauf si elles sont soumises \u00e0 une obligation de conservation. Pour plus de d\u00e9tails sur la demande de suppression et le stockage, veuillez consulter les points correspondants.<br \/>\nVous pouvez volontiers vous adresser \u00e0 info@Flexscreen.ch pour toute information ou demande de suppression. <\/p>\n<p><strong>Cookies en g\u00e9n\u00e9ral<\/strong><\/p>\n<p>Ce site utilise des cookies. Les cookies sont de petits fichiers texte qui sont stock\u00e9s de mani\u00e8re permanente ou temporaire dans votre ordinateur lorsque vous visitez ce site. L&#8217;objectif des cookies est notamment d&#8217;analyser l&#8217;utilisation de ce site web \u00e0 des fins d&#8217;\u00e9valuation statistique et d&#8217;am\u00e9lioration continue. Mais l&#8217;optimisation de l&#8217;exp\u00e9rience utilisateur en fait \u00e9galement partie (par exemple, l&#8217;enregistrement du panier dans la boutique). Nous utilisons \u00e9galement des cookies de tiers tels que Google Analytics.<br \/>\nVous pouvez \u00e0 tout moment d\u00e9sactiver tout ou partie des cookies dans les param\u00e8tres de votre navigateur. Vous trouverez \u00e9galement sur le site http:\/\/www.youronlinechoices.com\/ch-de\/ diff\u00e9rentes indications sur la mani\u00e8re d&#8217;emp\u00eacher l&#8217;installation de cookies. Si les cookies sont d\u00e9sactiv\u00e9s, il se peut que vous ne puissiez plus utiliser toutes les fonctions de ce site web.<br \/>\nPour plus d&#8217;informations sur les diff\u00e9rents cookies, veuillez consulter les paragraphes sur les services Google et les canaux de m\u00e9dias sociaux, la rubrique boutique du site web, etc.       <\/p>\n<p>Contacter Flexscreen<\/p>\n<p>Notre site web vous offre diff\u00e9rentes possibilit\u00e9s de nous contacter, comme par exemple des formulaires ou la fonction de commentaire. <\/p>\n<p>Les informations que vous fournissez sont stock\u00e9es et utilis\u00e9es pour traiter votre demande. Les donn\u00e9es sont \u00e9galement conserv\u00e9es \u00e0 des fins internes (par exemple, \u00e9valuation, suivi et documentation) et en vue d&#8217;une \u00e9ventuelle prise de contact ult\u00e9rieure (pour un service client ult\u00e9rieur, un suivi, une demande d&#8217;\u00e9valuation, etc. Ces donn\u00e9es sont donc conserv\u00e9es \u00e0 des fins internes, m\u00eame apr\u00e8s la fin de la collaboration. Nous nous permettons \u00e9galement de conserver des notes sur les prises de contact explicitement non souhait\u00e9es afin d&#8217;\u00e9viter de telles prises de contact.    <\/p>\n<p>Ne communiquez pas d&#8217;informations que vous ne souhaitez pas que nous ou d&#8217;autres personnes (surtout dans le cas de la fonction de commentaire public !) recevions. Par cons\u00e9quent, ne nous envoyez pas de donn\u00e9es sensibles, telles que des informations sur votre carte de cr\u00e9dit, par e-mail ou formulaire de contact, mais par t\u00e9l\u00e9phone. <\/p>\n<p>Si vous ne souhaitez pas utiliser le formulaire ou l&#8217;e-mail, vous pouvez nous contacter par t\u00e9l\u00e9phone au +41 62 748 25 04<br \/>\nSi vous souhaitez supprimer certaines informations, veuillez nous contacter directement via info@Flexscreen.ch.<\/p>\n<p>Vos donn\u00e9es peuvent \u00eatre stock\u00e9es \u00e0 diff\u00e9rents endroits, par exemple : dans le programme de messagerie, sur le site web, dans la sauvegarde, dans notre programme CRM, sur notre propre serveur (deux sites en Suisse).<\/p>\n<p><strong>Formulaires de contact<\/strong><\/p>\n<p>Toutes les donn\u00e9es que vous nous transmettez via le formulaire de contact ou par e-mail sont trait\u00e9es comme d\u00e9crit ci-dessus. Les donn\u00e9es envoy\u00e9es comprennent celles que vous transmettez dans les champs obligatoires et facultatifs, ainsi que dans le champ de message. Votre adresse IP est \u00e9galement enregistr\u00e9e.  <\/p>\n<p><strong>Services de Google<\/strong><\/p>\n<p>Ce site utilise diff\u00e9rents services de Google LLC, 1600 Amphitheatre Parkway Mountain View, CA 94043, \u00c9tats-Unis.<br \/>\nVous trouverez ci-dessous un aper\u00e7u des pages les plus importantes concernant la confidentialit\u00e9 des produits Google :<br \/>\n&#8211; Informations g\u00e9n\u00e9rales sur la protection des donn\u00e9es : d\u00e9claration de confidentialit\u00e9 de Google<br \/>\n&#8211; Conseils sur les diff\u00e9rents produits : https:\/\/policies.google.com\/technologies\/product-privacy?hl=de<br \/>\n&#8211; Utilisation des cookies par Google : https:\/\/policies.google.com\/technologies\/cookies?hl=de<br \/>\n&#8211; Confidentialit\u00e9 et outils publicitaires de Google : https:\/\/policies.google.com\/technologies\/ads?hl=de<br \/>\n&#8211; Param\u00e8tres des annonces publicitaires : https:\/\/adssettings.google.com\/authenticated?hl=de<br \/>\n&#8211; Conditions d&#8217;utilisation de YouTube : https:\/\/www.youtube.com\/static?gl=DE&amp;template=terms&amp;hl=de<br \/>\nVeuillez \u00e9galement v\u00e9rifier les param\u00e8tres de confidentialit\u00e9 de votre propre compte Google &#8211; vous avez ici la possibilit\u00e9 d&#8217;indiquer pr\u00e9cis\u00e9ment \u00e0 Google quelles donn\u00e9es il peut collecter une fois que vous \u00eates connect\u00e9 \u00e0 votre compte Google.<\/p>\n<p><strong>Google Analytics<\/strong><\/p>\n<p>Traitement des donn\u00e9es par Google<\/p>\n<p>Ce site utilise Google Analytics. Google Analytics utilise des cookies. Les donn\u00e9es g\u00e9n\u00e9r\u00e9es par les cookies concernant votre utilisation du site (y compris votre adresse IP) seront transmises et stock\u00e9es par Google sur des serveurs situ\u00e9s aux Etats-Unis.<br \/>\nGoogle utilisera cette information dans le but d&#8217;\u00e9valuer votre utilisation du site, de compiler des rapports sur l&#8217;activit\u00e9 du site \u00e0 destination de son \u00e9diteur et de fournir d&#8217;autres services relatifs \u00e0 l&#8217;activit\u00e9 du site et \u00e0 l&#8217;utilisation d&#8217;Internet. Google est susceptible de communiquer ces donn\u00e9es \u00e0 des tiers en cas d&#8217;obligation l\u00e9gale ou lorsque ces tiers traitent ces donn\u00e9es pour le compte de Google.<br \/>\nGoogle ne recoupera pas votre adresse IP avec toute autre donn\u00e9e d\u00e9tenue par Google. En utilisant ce site Internet, vous acceptez que les donn\u00e9es collect\u00e9es \u00e0 votre sujet par Google soient trait\u00e9es de la mani\u00e8re et aux fins d\u00e9crites ci-dessus (conditions de Google Analytics).<br \/>\nLes \u00e9ventuelles donn\u00e9es personnelles sont effac\u00e9es ou rendues anonymes au bout de 14 mois.<br \/>\nLe lien suivant vous permet d&#8217;acc\u00e9der \u00e0 diverses informations sur la protection des donn\u00e9es chez Google.    <\/p>\n<p>Masquage IP \/ anonymisation<\/p>\n<p>En tant qu&#8217;exploitant du site, nous avons \u00e9galement demand\u00e9 l&#8217;anonymisation de votre IP. Gr\u00e2ce au masquage IP, votre adresse IP est modifi\u00e9e de mani\u00e8re \u00e0 ce qu&#8217;il ne soit pas possible de vous identifier. Les donn\u00e9es agr\u00e9g\u00e9es et anonymes de Google Analytics sont utilis\u00e9es pour am\u00e9liorer les performances du site ou pour \u00e9valuer nos activit\u00e9s de marketing.<\/p>\n<p>Pr\u00e9vention du suivi par Google Analytics<\/p>\n<p>Si vous ne souhaitez pas \u00eatre suivi via Google Analytics sur ce site ou sur d&#8217;autres, vous pouvez t\u00e9l\u00e9charger un addon pour diff\u00e9rents navigateurs \u00e0 l&#8217;adresse suivante : https:\/\/tools.google.com\/dlpage\/gaoptout.<\/p>\n<p>Pour plus d&#8217;informations sur l&#8217;utilisation de ce module compl\u00e9mentaire, consultez https:\/\/developers.google.com\/analytics\/devguides\/collection\/gajs\/#disable<\/p>\n<p><strong>Google AdWords<\/strong><\/p>\n<p>Dans le cadre de nos activit\u00e9s de marketing, nous utilisons Google AdWords pour afficher des annonces aux internautes \u00e0 diff\u00e9rents endroits sur le Web et dans diff\u00e9rents formats. En principe, nous ne traitons pas de donn\u00e9es personnelles dans ce cadre, vous trouverez des d\u00e9tails \u00e0 ce sujet dans les informations sur la publicit\u00e9 chez Google.<br \/>\nPour diff\u00e9rentes fonctions, des cookies sont toutefois plac\u00e9s sur notre site ou sur des sites tiers et utilis\u00e9s pour un meilleur affichage des supports publicitaires (voir ci-apr\u00e8s). <\/p>\n<p>Remarketing<\/p>\n<p>Ce site utilise la fonction de remarketing de Google. Cette fonction sert \u00e0 pr\u00e9senter aux visiteurs du site web, dans le cadre du r\u00e9seau publicitaire de Google, des annonces publicitaires cibl\u00e9es par centres d&#8217;int\u00e9r\u00eat et donc plus efficaces. Lors de la visite de notre site web, le navigateur du visiteur du site web enregistre des cookies (voir d\u00e9finition ci-dessus) qui permettent de reconna\u00eetre le visiteur lorsqu&#8217;il consulte des sites web qui font partie du r\u00e9seau publicitaire de Google. Sur ces pages, des annonces publicitaires peuvent \u00eatre pr\u00e9sent\u00e9es au visiteur en fonction du contenu qu&#8217;il a consult\u00e9 pr\u00e9c\u00e9demment sur des sites utilisant la fonction de remarketing de Google.<br \/>\nCes cookies peuvent \u00e9galement \u00eatre plac\u00e9s par des fournisseurs tiers tels que Doubleclick et autres.<br \/>\nGoogle enregistre diverses informations non personnelles, telles que le navigateur ou les pages consult\u00e9es, ainsi que l&#8217;adresse IP &#8211; anonymis\u00e9e sur notre site. Selon<br \/>\nGoogle, les informations collect\u00e9es par Google peuvent \u00eatre combin\u00e9es avec d&#8217;autres informations provenant d&#8217;autres sources. En principe, les donn\u00e9es sont utilis\u00e9es de mani\u00e8re anonyme, \u00e0 moins que Google n&#8217;ait donn\u00e9 son accord explicite.<br \/>\nVous trouverez de plus amples informations \u00e0 ce sujet sur https:\/\/policies.google.com\/technologies\/ads?hl=de et https:\/\/support.google.com\/ads\/answer\/1634057?hl=de, ainsi que des instructions sur la mani\u00e8re de d\u00e9sactiver la diffusion de ce type de publicit\u00e9 cibl\u00e9e par centres d&#8217;int\u00e9r\u00eat.      <\/p>\n<p><strong>Google Maps<\/strong><\/p>\n<p>Ce site web utilise le produit Google Maps de Google Inc. pour afficher des cartes g\u00e9ographiques des lieux et vous permettre d&#8217;acc\u00e9der rapidement \u00e0 Google Maps, par exemple pour planifier un autre itin\u00e9raire (am\u00e9lioration de l&#8217;exp\u00e9rience utilisateur).<br \/>\nGoogle Maps collecte et traite, par exemple, l&#8217;adresse IP ou les informations de localisation. En utilisant ce site web, vous acceptez la saisie, le traitement et l&#8217;utilisation des donn\u00e9es collect\u00e9es automatiquement par Google Inc., ses repr\u00e9sentants et des tiers.<br \/>\nVous trouverez les conditions d&#8217;utilisation de Google Maps sous &#8220;Conditions d&#8217;utilisation de Google Maps&#8221; ou dans les conditions d&#8217;utilisation de Googles. Dans votre navigateur ou dans les param\u00e8tres de votre appareil mobile, vous pouvez configurer diff\u00e9rents param\u00e8tres de protection des donn\u00e9es, par exemple pour la localisation.   <\/p>\n<p><strong>YouTube<\/strong><\/p>\n<p>Nous int\u00e9grons des vid\u00e9os de YouTube. Vous trouverez des informations sur les donn\u00e9es trait\u00e9es par ce service sur :<br \/>\n&#8211; R\u00e8gles de confidentialit\u00e9 de Google https:\/\/www.google.com\/policies\/privacy\/<br \/>\n&#8211; R\u00e8gles d&#8217;utilisation de YouTube : https:\/\/www.youtube.com\/static?gl=DE&amp;template=terms&amp;hl=de<br \/>\n&#8211; Opt out : https:\/\/adssettings.google.com\/authenticated<br \/>\nNous veillons \u00e0 int\u00e9grer les vid\u00e9os avec la fonction de protection avanc\u00e9e des donn\u00e9es. <\/p>\n<p><strong>Google Fonts<\/strong><\/p>\n<p>Le site web utilise Google Fonts. Pour pouvoir int\u00e9grer les polices utilis\u00e9es, une connexion est \u00e9tablie avec le serveur Google lors de l&#8217;appel du site web, qui renvoie la police correcte.<br \/>\nCette connexion permet \u00e0 Google de r\u00e9cup\u00e9rer et de traiter certaines donn\u00e9es. Vous trouverez des informations \u00e0 ce sujet dans les pages suivantes :<br \/>\n&#8211; Protection des donn\u00e9es : https:\/\/policies.google.com\/privacy?hl=en<br \/>\n&#8211; Conditions d&#8217;utilisation : https:\/\/policies.google.com\/terms?hl=en<br \/>\n&#8211; Opt out : https:\/\/adssettings.google.com\/authenticated  [\/vc_column_text][\/vc_column_inner][vc_column_inner width=&#8221;1\/4&#8243;][\/vc_column_inner][\/vc_row_inner][\/vc_column][\/vc_row]<\/p>\n<\/div>","protected":false},"excerpt":{"rendered":"<p>Si vous souhaitez discuter de votre travail avec nous, en savoir plus sur la gamme de services que nous avons \u00e0 offrir, ou simplement avoir une discussion, n&#8217;h\u00e9sitez pas \u00e0 nous contacter.<\/p>\n","protected":false},"author":1,"featured_media":0,"parent":0,"menu_order":0,"comment_status":"open","ping_status":"closed","template":"","meta":{"footnotes":""},"class_list":["post-146394","page","type-page","status-publish","hentry"],"_links":{"self":[{"href":"https:\/\/flexscreen.ch\/fr\/wp-json\/wp\/v2\/pages\/146394","targetHints":{"allow":["GET"]}}],"collection":[{"href":"https:\/\/flexscreen.ch\/fr\/wp-json\/wp\/v2\/pages"}],"about":[{"href":"https:\/\/flexscreen.ch\/fr\/wp-json\/wp\/v2\/types\/page"}],"author":[{"embeddable":true,"href":"https:\/\/flexscreen.ch\/fr\/wp-json\/wp\/v2\/users\/1"}],"replies":[{"embeddable":true,"href":"https:\/\/flexscreen.ch\/fr\/wp-json\/wp\/v2\/comments?post=146394"}],"version-history":[{"count":2,"href":"https:\/\/flexscreen.ch\/fr\/wp-json\/wp\/v2\/pages\/146394\/revisions"}],"predecessor-version":[{"id":147364,"href":"https:\/\/flexscreen.ch\/fr\/wp-json\/wp\/v2\/pages\/146394\/revisions\/147364"}],"wp:attachment":[{"href":"https:\/\/flexscreen.ch\/fr\/wp-json\/wp\/v2\/media?parent=146394"}],"curies":[{"name":"wp","href":"https:\/\/api.w.org\/{rel}","templated":true}]}}